{"id":437383,"date":"2023-12-10T22:41:32","date_gmt":"2023-12-10T22:41:32","guid":{"rendered":"https:\/\/novellix.se\/?post_type=product&#038;p=437383"},"modified":"2024-02-28T08:48:50","modified_gmt":"2024-02-28T08:48:50","slug":"bokstod-simone-de-beauvoir","status":"publish","type":"product","link":"https:\/\/novellix.com\/de\/produkt\/bokstod-simone-de-beauvoir\/","title":{"rendered":"Simone de Beauvoir"},"content":{"rendered":"<p><span style=\"font-weight: 400;\">Die franz\u00f6sische Autorin, Philosophin und Feministin Simone de Beauvoir (1908\u20131986) geh\u00f6rte, gemeinsam mit ihrem Partner Jean-Paul Sartre, zur Elite der franz\u00f6sischen Existentialisten. Ihr Hauptwerk \u201cDas andere Geschlecht\u201d ist einer der gro\u00dfen Klassiker feministischer Theorie. De Beauvoir schrieb jedoch nicht nur philosophische Texte, sondern auch preisgekr\u00f6nte Romane und Erz\u00e4hlungen. So erhielt sie 1954 den Prix Goncourt f\u00fcr ihren Roman \u201cDie Mandarins von Paris\u201d.\u00a0<\/span><\/p>\n<p>&nbsp;<\/p>\n<p><span style=\"font-weight: 400;\">Der Industriedesigner Jan Landqvist steht f\u00fcr Idee und Design der Novellix-Buchst\u00fctzen. Die Buchst\u00fctzen werden in der schwedischen Region Gnosj\u00f6 hergestellt und bestehen aus geschnittenem und gebogenem Stahlblech, das mit einem schwarzen, strapazierf\u00e4higen Pulverlack behandelt wurde. Die Ma\u00dfe betragen 15\u00d715 cm f\u00fcr die Portr\u00e4ts und 10\u00d715 cm f\u00fcr die Bodenplatte.<\/span><\/p>\n","protected":false},"excerpt":{"rendered":"<p>Die franz\u00f6sische Autorin, Philosophin und Feministin Simone de Beauvoir (1908\u20131986) geh\u00f6rte, gemeinsam mit ihrem Partner Jean-Paul Sartre, zur Elite der franz\u00f6sischen Existentialisten. Ihr Hauptwerk \u201cDas andere Geschlecht\u201d ist einer der gro\u00dfen Klassiker feministischer Theorie. De Beauvoir schrieb jedoch nicht nur philosophische Texte, sondern auch preisgekr\u00f6nte Romane und Erz\u00e4hlungen. So erhielt sie 1954 den Prix Goncourt [&#8230;]\n","protected":false},"featured_media":1302866,"template":"","meta":[],"product_brand":[],"product_cat":[98,84],"product_tag":[],"class_list":{"0":"post-437383","1":"product","2":"type-product","3":"status-publish","4":"has-post-thumbnail","6":"product_cat-buchstutzen","7":"product_cat-paket-och-presenttips","9":"first","10":"instock","11":"shipping-taxable","12":"product-type-simple"},"yoast_head":"<!-- This site is optimized with the Yoast SEO plugin v27.3 - https:\/\/yoast.com\/product\/yoast-seo-wordpress\/ -->\n<title>Simone de Beauvoir - NOVELLIX<\/title>\n<meta name=\"robots\" content=\"index, follow, max-snippet:-1, max-image-preview:large, max-video-preview:-1\" \/>\n<link rel=\"canonical\" href=\"https:\/\/novellix.com\/de\/produkt\/bokstod-simone-de-beauvoir\/\" \/>\n<meta property=\"og:locale\" content=\"de_DE\" \/>\n<meta property=\"og:type\" content=\"article\" \/>\n<meta property=\"og:title\" content=\"Simone de Beauvoir - NOVELLIX\" \/>\n<meta property=\"og:description\" content=\"Die franz\u00f6sische Autorin, Philosophin und Feministin Simone de Beauvoir (1908\u20131986) geh\u00f6rte, gemeinsam mit ihrem Partner Jean-Paul Sartre, zur Elite der franz\u00f6sischen Existentialisten. Ihr Hauptwerk \u201cDas andere Geschlecht\u201d ist einer der gro\u00dfen Klassiker feministischer Theorie. De Beauvoir schrieb jedoch nicht nur philosophische Texte, sondern auch preisgekr\u00f6nte Romane und Erz\u00e4hlungen. So erhielt sie 1954 den Prix Goncourt [...]\" \/>\n<meta property=\"og:url\" content=\"https:\/\/novellix.com\/de\/produkt\/bokstod-simone-de-beauvoir\/\" \/>\n<meta property=\"og:site_name\" content=\"NOVELLIX\" \/>\n<meta property=\"article:modified_time\" content=\"2024-02-28T08:48:50+00:00\" \/>\n<meta property=\"og:image\" content=\"https:\/\/novellix.com\/de\/wp-content\/uploads\/sites\/2\/2023\/12\/52047642906-342e56d4c2-o-730x1030-1.jpg\" \/>\n\t<meta property=\"og:image:width\" content=\"730\" \/>\n\t<meta property=\"og:image:height\" content=\"1030\" \/>\n\t<meta property=\"og:image:type\" content=\"image\/jpeg\" \/>\n<meta name=\"twitter:card\" content=\"summary_large_image\" \/>\n<meta name=\"twitter:label1\" content=\"Gesch\u00e4tzte Lesezeit\" \/>\n\t<meta name=\"twitter:data1\" content=\"1\u00a0Minute\" \/>\n<script type=\"application\/ld+json\" class=\"yoast-schema-graph\">{\"@context\":\"https:\\\/\\\/schema.org\",\"@graph\":[{\"@type\":\"WebPage\",\"@id\":\"https:\\\/\\\/novellix.com\\\/de\\\/produkt\\\/bokstod-simone-de-beauvoir\\\/\",\"url\":\"https:\\\/\\\/novellix.com\\\/de\\\/produkt\\\/bokstod-simone-de-beauvoir\\\/\",\"name\":\"Simone de Beauvoir - NOVELLIX\",\"isPartOf\":{\"@id\":\"https:\\\/\\\/novellix.com\\\/de\\\/#website\"},\"primaryImageOfPage\":{\"@id\":\"https:\\\/\\\/novellix.com\\\/de\\\/produkt\\\/bokstod-simone-de-beauvoir\\\/#primaryimage\"},\"image\":{\"@id\":\"https:\\\/\\\/novellix.com\\\/de\\\/produkt\\\/bokstod-simone-de-beauvoir\\\/#primaryimage\"},\"thumbnailUrl\":\"https:\\\/\\\/novellix.com\\\/de\\\/wp-content\\\/uploads\\\/sites\\\/2\\\/2023\\\/12\\\/52047642906-342e56d4c2-o-730x1030-1.jpg\",\"datePublished\":\"2023-12-10T22:41:32+00:00\",\"dateModified\":\"2024-02-28T08:48:50+00:00\",\"breadcrumb\":{\"@id\":\"https:\\\/\\\/novellix.com\\\/de\\\/produkt\\\/bokstod-simone-de-beauvoir\\\/#breadcrumb\"},\"inLanguage\":\"de\",\"potentialAction\":[{\"@type\":\"ReadAction\",\"target\":[\"https:\\\/\\\/novellix.com\\\/de\\\/produkt\\\/bokstod-simone-de-beauvoir\\\/\"]}]},{\"@type\":\"ImageObject\",\"inLanguage\":\"de\",\"@id\":\"https:\\\/\\\/novellix.com\\\/de\\\/produkt\\\/bokstod-simone-de-beauvoir\\\/#primaryimage\",\"url\":\"https:\\\/\\\/novellix.com\\\/de\\\/wp-content\\\/uploads\\\/sites\\\/2\\\/2023\\\/12\\\/52047642906-342e56d4c2-o-730x1030-1.jpg\",\"contentUrl\":\"https:\\\/\\\/novellix.com\\\/de\\\/wp-content\\\/uploads\\\/sites\\\/2\\\/2023\\\/12\\\/52047642906-342e56d4c2-o-730x1030-1.jpg\",\"width\":730,\"height\":1030},{\"@type\":\"BreadcrumbList\",\"@id\":\"https:\\\/\\\/novellix.com\\\/de\\\/produkt\\\/bokstod-simone-de-beauvoir\\\/#breadcrumb\",\"itemListElement\":[{\"@type\":\"ListItem\",\"position\":1,\"name\":\"Shop\",\"item\":\"https:\\\/\\\/novellix.com\\\/de\\\/shop\\\/\"},{\"@type\":\"ListItem\",\"position\":2,\"name\":\"Simone de Beauvoir\"}]},{\"@type\":\"WebSite\",\"@id\":\"https:\\\/\\\/novellix.com\\\/de\\\/#website\",\"url\":\"https:\\\/\\\/novellix.com\\\/de\\\/\",\"name\":\"NOVELLIX\",\"description\":\"\",\"potentialAction\":[{\"@type\":\"SearchAction\",\"target\":{\"@type\":\"EntryPoint\",\"urlTemplate\":\"https:\\\/\\\/novellix.com\\\/de\\\/?s={search_term_string}\"},\"query-input\":{\"@type\":\"PropertyValueSpecification\",\"valueRequired\":true,\"valueName\":\"search_term_string\"}}],\"inLanguage\":\"de\"}]}<\/script>\n<!-- \/ Yoast SEO plugin. -->","yoast_head_json":{"title":"Simone de Beauvoir - NOVELLIX","robots":{"index":"index","follow":"follow","max-snippet":"max-snippet:-1","max-image-preview":"max-image-preview:large","max-video-preview":"max-video-preview:-1"},"canonical":"https:\/\/novellix.com\/de\/produkt\/bokstod-simone-de-beauvoir\/","og_locale":"de_DE","og_type":"article","og_title":"Simone de Beauvoir - NOVELLIX","og_description":"Die franz\u00f6sische Autorin, Philosophin und Feministin Simone de Beauvoir (1908\u20131986) geh\u00f6rte, gemeinsam mit ihrem Partner Jean-Paul Sartre, zur Elite der franz\u00f6sischen Existentialisten. Ihr Hauptwerk \u201cDas andere Geschlecht\u201d ist einer der gro\u00dfen Klassiker feministischer Theorie. De Beauvoir schrieb jedoch nicht nur philosophische Texte, sondern auch preisgekr\u00f6nte Romane und Erz\u00e4hlungen. So erhielt sie 1954 den Prix Goncourt [...]","og_url":"https:\/\/novellix.com\/de\/produkt\/bokstod-simone-de-beauvoir\/","og_site_name":"NOVELLIX","article_modified_time":"2024-02-28T08:48:50+00:00","og_image":[{"width":730,"height":1030,"url":"https:\/\/novellix.com\/de\/wp-content\/uploads\/sites\/2\/2023\/12\/52047642906-342e56d4c2-o-730x1030-1.jpg","type":"image\/jpeg"}],"twitter_card":"summary_large_image","twitter_misc":{"Gesch\u00e4tzte Lesezeit":"1\u00a0Minute"},"schema":{"@context":"https:\/\/schema.org","@graph":[{"@type":"WebPage","@id":"https:\/\/novellix.com\/de\/produkt\/bokstod-simone-de-beauvoir\/","url":"https:\/\/novellix.com\/de\/produkt\/bokstod-simone-de-beauvoir\/","name":"Simone de Beauvoir - NOVELLIX","isPartOf":{"@id":"https:\/\/novellix.com\/de\/#website"},"primaryImageOfPage":{"@id":"https:\/\/novellix.com\/de\/produkt\/bokstod-simone-de-beauvoir\/#primaryimage"},"image":{"@id":"https:\/\/novellix.com\/de\/produkt\/bokstod-simone-de-beauvoir\/#primaryimage"},"thumbnailUrl":"https:\/\/novellix.com\/de\/wp-content\/uploads\/sites\/2\/2023\/12\/52047642906-342e56d4c2-o-730x1030-1.jpg","datePublished":"2023-12-10T22:41:32+00:00","dateModified":"2024-02-28T08:48:50+00:00","breadcrumb":{"@id":"https:\/\/novellix.com\/de\/produkt\/bokstod-simone-de-beauvoir\/#breadcrumb"},"inLanguage":"de","potentialAction":[{"@type":"ReadAction","target":["https:\/\/novellix.com\/de\/produkt\/bokstod-simone-de-beauvoir\/"]}]},{"@type":"ImageObject","inLanguage":"de","@id":"https:\/\/novellix.com\/de\/produkt\/bokstod-simone-de-beauvoir\/#primaryimage","url":"https:\/\/novellix.com\/de\/wp-content\/uploads\/sites\/2\/2023\/12\/52047642906-342e56d4c2-o-730x1030-1.jpg","contentUrl":"https:\/\/novellix.com\/de\/wp-content\/uploads\/sites\/2\/2023\/12\/52047642906-342e56d4c2-o-730x1030-1.jpg","width":730,"height":1030},{"@type":"BreadcrumbList","@id":"https:\/\/novellix.com\/de\/produkt\/bokstod-simone-de-beauvoir\/#breadcrumb","itemListElement":[{"@type":"ListItem","position":1,"name":"Shop","item":"https:\/\/novellix.com\/de\/shop\/"},{"@type":"ListItem","position":2,"name":"Simone de Beauvoir"}]},{"@type":"WebSite","@id":"https:\/\/novellix.com\/de\/#website","url":"https:\/\/novellix.com\/de\/","name":"NOVELLIX","description":"","potentialAction":[{"@type":"SearchAction","target":{"@type":"EntryPoint","urlTemplate":"https:\/\/novellix.com\/de\/?s={search_term_string}"},"query-input":{"@type":"PropertyValueSpecification","valueRequired":true,"valueName":"search_term_string"}}],"inLanguage":"de"}]}},"_links":{"self":[{"href":"https:\/\/novellix.com\/de\/wp-json\/wp\/v2\/product\/437383","targetHints":{"allow":["GET"]}}],"collection":[{"href":"https:\/\/novellix.com\/de\/wp-json\/wp\/v2\/product"}],"about":[{"href":"https:\/\/novellix.com\/de\/wp-json\/wp\/v2\/types\/product"}],"wp:featuredmedia":[{"embeddable":true,"href":"https:\/\/novellix.com\/de\/wp-json\/wp\/v2\/media\/1302866"}],"wp:attachment":[{"href":"https:\/\/novellix.com\/de\/wp-json\/wp\/v2\/media?parent=437383"}],"wp:term":[{"taxonomy":"product_brand","embeddable":true,"href":"https:\/\/novellix.com\/de\/wp-json\/wp\/v2\/product_brand?post=437383"},{"taxonomy":"product_cat","embeddable":true,"href":"https:\/\/novellix.com\/de\/wp-json\/wp\/v2\/product_cat?post=437383"},{"taxonomy":"product_tag","embeddable":true,"href":"https:\/\/novellix.com\/de\/wp-json\/wp\/v2\/product_tag?post=437383"}],"curies":[{"name":"wp","href":"https:\/\/api.w.org\/{rel}","templated":true}]}}