{"id":439162,"date":"2023-12-10T22:41:32","date_gmt":"2023-12-10T22:41:32","guid":{"rendered":"https:\/\/novellix.se\/?post_type=product&#038;p=439162"},"modified":"2024-02-29T08:31:16","modified_gmt":"2024-02-29T08:31:16","slug":"rosa-luxemburg","status":"publish","type":"product","link":"https:\/\/novellix.com\/de\/produkt\/rosa-luxemburg\/","title":{"rendered":"Rosa Luxemburg"},"content":{"rendered":"<p><b>Rosa Luxemburg <\/b><span style=\"font-weight: 400;\">(1871\u20131919) war eine deutsch-polnische Sozialistin und Antikriegsaktivistin. Sie k\u00e4mpfte f\u00fcr die Diktatur des Proletariats, aber zugleich gegen den autorit\u00e4ren Zentralismus Lenins. Als Schl\u00fcsselfigur f\u00fcr den Freiheitskampf der Frauen und der Arbeiterklasse weigerte sie sich, aufgrund ihres Geschlechts eine Nebenrolle in der sozialistischen Bewegung einzunehmen. 1919 wurde sie in Berlin von Freikorps ermordet. Ihre Revolutionstheorie, ihr Freiheitsbegriff und ihr unbedingter Internationalismus lie\u00dfen sie zur Ikone des weltweiten Protests der 1968er-Bewegung werden.\u00a0<\/span><\/p>\n<p><span style=\"font-weight: 400;\">Diese Buchst\u00fctze ist Teil der Serie <\/span><i><span style=\"font-weight: 400;\">Radical Stands<\/span><\/i><span style=\"font-weight: 400;\">, die in Zusammenarbeit zwischen dem TankeKraft Verlag und Jan Landqvist entstanden ist. Seit Mai 2022 ist <\/span><i><span style=\"font-weight: 400;\">Radical Stands<\/span><\/i><span style=\"font-weight: 400;\"> Teil der Buchst\u00fctzen von Novellix.<\/span><\/p>\n<p><span style=\"font-weight: 400;\">Die Idee und das Design der Novellix-Buchst\u00fctzen stammen vom Industriedesigner Jan Landqvist. Die Buchst\u00fctzen werden im schwedischen Gnosj\u00f6 hergestellt und bestehen aus weitgehend recyceltem Stahlblech, das mit einem strapazierf\u00e4higen schwarzen Pulverlack behandelt wurde. Die Ma\u00dfe betragen 15\u00d715 cm f\u00fcr die Portr\u00e4ts und 10\u00d715 cm f\u00fcr die Bodenplatte.<\/span><\/p>\n","protected":false},"excerpt":{"rendered":"<p>Rosa Luxemburg (1871\u20131919) war eine deutsch-polnische Sozialistin und Antikriegsaktivistin. Sie k\u00e4mpfte f\u00fcr die Diktatur des Proletariats, aber zugleich gegen den autorit\u00e4ren Zentralismus Lenins. Als Schl\u00fcsselfigur f\u00fcr den Freiheitskampf der Frauen und der Arbeiterklasse weigerte sie sich, aufgrund ihres Geschlechts eine Nebenrolle in der sozialistischen Bewegung einzunehmen. 1919 wurde sie in Berlin von Freikorps ermordet. Ihre [&#8230;]\n","protected":false},"featured_media":1302978,"template":"","meta":[],"product_brand":[],"product_cat":[98,84],"product_tag":[],"class_list":{"0":"post-439162","1":"product","2":"type-product","3":"status-publish","4":"has-post-thumbnail","6":"product_cat-buchstutzen","7":"product_cat-paket-och-presenttips","9":"first","10":"instock","11":"shipping-taxable","12":"purchasable","13":"product-type-simple"},"yoast_head":"<!-- This site is optimized with the Yoast SEO plugin v27.3 - https:\/\/yoast.com\/product\/yoast-seo-wordpress\/ -->\n<title>Rosa Luxemburg - NOVELLIX<\/title>\n<meta name=\"robots\" content=\"index, follow, max-snippet:-1, max-image-preview:large, max-video-preview:-1\" \/>\n<link rel=\"canonical\" href=\"https:\/\/novellix.com\/de\/produkt\/rosa-luxemburg\/\" \/>\n<meta property=\"og:locale\" content=\"de_DE\" \/>\n<meta property=\"og:type\" content=\"article\" \/>\n<meta property=\"og:title\" content=\"Rosa Luxemburg - NOVELLIX\" \/>\n<meta property=\"og:description\" content=\"Rosa Luxemburg (1871\u20131919) war eine deutsch-polnische Sozialistin und Antikriegsaktivistin. Sie k\u00e4mpfte f\u00fcr die Diktatur des Proletariats, aber zugleich gegen den autorit\u00e4ren Zentralismus Lenins. Als Schl\u00fcsselfigur f\u00fcr den Freiheitskampf der Frauen und der Arbeiterklasse weigerte sie sich, aufgrund ihres Geschlechts eine Nebenrolle in der sozialistischen Bewegung einzunehmen. 1919 wurde sie in Berlin von Freikorps ermordet. Ihre [...]\" \/>\n<meta property=\"og:url\" content=\"https:\/\/novellix.com\/de\/produkt\/rosa-luxemburg\/\" \/>\n<meta property=\"og:site_name\" content=\"NOVELLIX\" \/>\n<meta property=\"article:modified_time\" content=\"2024-02-29T08:31:16+00:00\" \/>\n<meta property=\"og:image\" content=\"https:\/\/novellix.com\/de\/wp-content\/uploads\/sites\/2\/2023\/12\/rosa-luxemborg.jpeg\" \/>\n\t<meta property=\"og:image:width\" content=\"730\" \/>\n\t<meta property=\"og:image:height\" content=\"1030\" \/>\n\t<meta property=\"og:image:type\" content=\"image\/jpeg\" \/>\n<meta name=\"twitter:card\" content=\"summary_large_image\" \/>\n<meta name=\"twitter:label1\" content=\"Gesch\u00e4tzte Lesezeit\" \/>\n\t<meta name=\"twitter:data1\" content=\"1\u00a0Minute\" \/>\n<script type=\"application\/ld+json\" class=\"yoast-schema-graph\">{\"@context\":\"https:\\\/\\\/schema.org\",\"@graph\":[{\"@type\":\"WebPage\",\"@id\":\"https:\\\/\\\/novellix.com\\\/de\\\/produkt\\\/rosa-luxemburg\\\/\",\"url\":\"https:\\\/\\\/novellix.com\\\/de\\\/produkt\\\/rosa-luxemburg\\\/\",\"name\":\"Rosa Luxemburg - NOVELLIX\",\"isPartOf\":{\"@id\":\"https:\\\/\\\/novellix.com\\\/de\\\/#website\"},\"primaryImageOfPage\":{\"@id\":\"https:\\\/\\\/novellix.com\\\/de\\\/produkt\\\/rosa-luxemburg\\\/#primaryimage\"},\"image\":{\"@id\":\"https:\\\/\\\/novellix.com\\\/de\\\/produkt\\\/rosa-luxemburg\\\/#primaryimage\"},\"thumbnailUrl\":\"https:\\\/\\\/novellix.com\\\/de\\\/wp-content\\\/uploads\\\/sites\\\/2\\\/2023\\\/12\\\/rosa-luxemborg.jpeg\",\"datePublished\":\"2023-12-10T22:41:32+00:00\",\"dateModified\":\"2024-02-29T08:31:16+00:00\",\"breadcrumb\":{\"@id\":\"https:\\\/\\\/novellix.com\\\/de\\\/produkt\\\/rosa-luxemburg\\\/#breadcrumb\"},\"inLanguage\":\"de\",\"potentialAction\":[{\"@type\":\"ReadAction\",\"target\":[\"https:\\\/\\\/novellix.com\\\/de\\\/produkt\\\/rosa-luxemburg\\\/\"]}]},{\"@type\":\"ImageObject\",\"inLanguage\":\"de\",\"@id\":\"https:\\\/\\\/novellix.com\\\/de\\\/produkt\\\/rosa-luxemburg\\\/#primaryimage\",\"url\":\"https:\\\/\\\/novellix.com\\\/de\\\/wp-content\\\/uploads\\\/sites\\\/2\\\/2023\\\/12\\\/rosa-luxemborg.jpeg\",\"contentUrl\":\"https:\\\/\\\/novellix.com\\\/de\\\/wp-content\\\/uploads\\\/sites\\\/2\\\/2023\\\/12\\\/rosa-luxemborg.jpeg\",\"width\":730,\"height\":1030},{\"@type\":\"BreadcrumbList\",\"@id\":\"https:\\\/\\\/novellix.com\\\/de\\\/produkt\\\/rosa-luxemburg\\\/#breadcrumb\",\"itemListElement\":[{\"@type\":\"ListItem\",\"position\":1,\"name\":\"Shop\",\"item\":\"https:\\\/\\\/novellix.com\\\/de\\\/shop\\\/\"},{\"@type\":\"ListItem\",\"position\":2,\"name\":\"Rosa Luxemburg\"}]},{\"@type\":\"WebSite\",\"@id\":\"https:\\\/\\\/novellix.com\\\/de\\\/#website\",\"url\":\"https:\\\/\\\/novellix.com\\\/de\\\/\",\"name\":\"NOVELLIX\",\"description\":\"\",\"potentialAction\":[{\"@type\":\"SearchAction\",\"target\":{\"@type\":\"EntryPoint\",\"urlTemplate\":\"https:\\\/\\\/novellix.com\\\/de\\\/?s={search_term_string}\"},\"query-input\":{\"@type\":\"PropertyValueSpecification\",\"valueRequired\":true,\"valueName\":\"search_term_string\"}}],\"inLanguage\":\"de\"}]}<\/script>\n<!-- \/ Yoast SEO plugin. -->","yoast_head_json":{"title":"Rosa Luxemburg - NOVELLIX","robots":{"index":"index","follow":"follow","max-snippet":"max-snippet:-1","max-image-preview":"max-image-preview:large","max-video-preview":"max-video-preview:-1"},"canonical":"https:\/\/novellix.com\/de\/produkt\/rosa-luxemburg\/","og_locale":"de_DE","og_type":"article","og_title":"Rosa Luxemburg - NOVELLIX","og_description":"Rosa Luxemburg (1871\u20131919) war eine deutsch-polnische Sozialistin und Antikriegsaktivistin. Sie k\u00e4mpfte f\u00fcr die Diktatur des Proletariats, aber zugleich gegen den autorit\u00e4ren Zentralismus Lenins. Als Schl\u00fcsselfigur f\u00fcr den Freiheitskampf der Frauen und der Arbeiterklasse weigerte sie sich, aufgrund ihres Geschlechts eine Nebenrolle in der sozialistischen Bewegung einzunehmen. 1919 wurde sie in Berlin von Freikorps ermordet. Ihre [...]","og_url":"https:\/\/novellix.com\/de\/produkt\/rosa-luxemburg\/","og_site_name":"NOVELLIX","article_modified_time":"2024-02-29T08:31:16+00:00","og_image":[{"width":730,"height":1030,"url":"https:\/\/novellix.com\/de\/wp-content\/uploads\/sites\/2\/2023\/12\/rosa-luxemborg.jpeg","type":"image\/jpeg"}],"twitter_card":"summary_large_image","twitter_misc":{"Gesch\u00e4tzte Lesezeit":"1\u00a0Minute"},"schema":{"@context":"https:\/\/schema.org","@graph":[{"@type":"WebPage","@id":"https:\/\/novellix.com\/de\/produkt\/rosa-luxemburg\/","url":"https:\/\/novellix.com\/de\/produkt\/rosa-luxemburg\/","name":"Rosa Luxemburg - NOVELLIX","isPartOf":{"@id":"https:\/\/novellix.com\/de\/#website"},"primaryImageOfPage":{"@id":"https:\/\/novellix.com\/de\/produkt\/rosa-luxemburg\/#primaryimage"},"image":{"@id":"https:\/\/novellix.com\/de\/produkt\/rosa-luxemburg\/#primaryimage"},"thumbnailUrl":"https:\/\/novellix.com\/de\/wp-content\/uploads\/sites\/2\/2023\/12\/rosa-luxemborg.jpeg","datePublished":"2023-12-10T22:41:32+00:00","dateModified":"2024-02-29T08:31:16+00:00","breadcrumb":{"@id":"https:\/\/novellix.com\/de\/produkt\/rosa-luxemburg\/#breadcrumb"},"inLanguage":"de","potentialAction":[{"@type":"ReadAction","target":["https:\/\/novellix.com\/de\/produkt\/rosa-luxemburg\/"]}]},{"@type":"ImageObject","inLanguage":"de","@id":"https:\/\/novellix.com\/de\/produkt\/rosa-luxemburg\/#primaryimage","url":"https:\/\/novellix.com\/de\/wp-content\/uploads\/sites\/2\/2023\/12\/rosa-luxemborg.jpeg","contentUrl":"https:\/\/novellix.com\/de\/wp-content\/uploads\/sites\/2\/2023\/12\/rosa-luxemborg.jpeg","width":730,"height":1030},{"@type":"BreadcrumbList","@id":"https:\/\/novellix.com\/de\/produkt\/rosa-luxemburg\/#breadcrumb","itemListElement":[{"@type":"ListItem","position":1,"name":"Shop","item":"https:\/\/novellix.com\/de\/shop\/"},{"@type":"ListItem","position":2,"name":"Rosa Luxemburg"}]},{"@type":"WebSite","@id":"https:\/\/novellix.com\/de\/#website","url":"https:\/\/novellix.com\/de\/","name":"NOVELLIX","description":"","potentialAction":[{"@type":"SearchAction","target":{"@type":"EntryPoint","urlTemplate":"https:\/\/novellix.com\/de\/?s={search_term_string}"},"query-input":{"@type":"PropertyValueSpecification","valueRequired":true,"valueName":"search_term_string"}}],"inLanguage":"de"}]}},"_links":{"self":[{"href":"https:\/\/novellix.com\/de\/wp-json\/wp\/v2\/product\/439162","targetHints":{"allow":["GET"]}}],"collection":[{"href":"https:\/\/novellix.com\/de\/wp-json\/wp\/v2\/product"}],"about":[{"href":"https:\/\/novellix.com\/de\/wp-json\/wp\/v2\/types\/product"}],"wp:featuredmedia":[{"embeddable":true,"href":"https:\/\/novellix.com\/de\/wp-json\/wp\/v2\/media\/1302978"}],"wp:attachment":[{"href":"https:\/\/novellix.com\/de\/wp-json\/wp\/v2\/media?parent=439162"}],"wp:term":[{"taxonomy":"product_brand","embeddable":true,"href":"https:\/\/novellix.com\/de\/wp-json\/wp\/v2\/product_brand?post=439162"},{"taxonomy":"product_cat","embeddable":true,"href":"https:\/\/novellix.com\/de\/wp-json\/wp\/v2\/product_cat?post=439162"},{"taxonomy":"product_tag","embeddable":true,"href":"https:\/\/novellix.com\/de\/wp-json\/wp\/v2\/product_tag?post=439162"}],"curies":[{"name":"wp","href":"https:\/\/api.w.org\/{rel}","templated":true}]}}