{"id":45117,"date":"2023-12-10T22:41:36","date_gmt":"2023-12-10T22:41:36","guid":{"rendered":"http:\/\/novellix.se\/novellix\/?post_type=product&#038;p=45117"},"modified":"2024-02-28T17:30:33","modified_gmt":"2024-02-28T17:30:33","slug":"virginia-woolf","status":"publish","type":"product","link":"https:\/\/novellix.com\/de\/produkt\/virginia-woolf\/","title":{"rendered":"Virginia Woolf"},"content":{"rendered":"<p><b>Virginia Woolf <\/b><span style=\"font-weight: 400;\">(1882\u20131941) gilt als eine der bedeutendsten englischsprachigen Schriftstellerinnen des 20. Jahrhunderts, als Schl\u00fcsselfigur des Modernismus und Ikone der Frauenbewegung. Sie war Teil der Bloomsburry Gruppe, Verlegerin und schuf ein umfassendes Werk an Romanen, Essays und Erz\u00e4hlungen. Zu ihren bekanntesten Werken geh\u00f6ren &#8222;Mrs Dalloway&#8220; (1925), &#8222;To the Lighthouse&#8220; (1927) und &#8222;Orlando&#8220; (1928), sowie der feministische Essay &#8222;Ein eigenes Zimmer&#8220; (1929).<\/span><\/p>\n<p><span style=\"font-weight: 400;\">Der Industriedesigner Jan Landqvist steht f\u00fcr Idee und Design der Novellix-Buchst\u00fctzen. Die Buchst\u00fctzen werden in der schwedischen Region Gnosj\u00f6 hergestellt und bestehen aus geschnittenem und gebogenem Stahlblech, das mit einem schwarzen, strapazierf\u00e4higen Pulverlack behandelt wurde. Die Ma\u00dfe betragen 15\u00d715 cm f\u00fcr die Portr\u00e4ts und 10\u00d715 cm f\u00fcr die Bodenplatte.<\/span><\/p>\n","protected":false},"excerpt":{"rendered":"<p>Virginia Woolf (1882\u20131941) gilt als eine der bedeutendsten englischsprachigen Schriftstellerinnen des 20. Jahrhunderts, als Schl\u00fcsselfigur des Modernismus und Ikone der Frauenbewegung. Sie war Teil der Bloomsburry Gruppe, Verlegerin und schuf ein umfassendes Werk an Romanen, Essays und Erz\u00e4hlungen. Zu ihren bekanntesten Werken geh\u00f6ren &#8222;Mrs Dalloway&#8220; (1925), &#8222;To the Lighthouse&#8220; (1927) und &#8222;Orlando&#8220; (1928), sowie der [&#8230;]\n","protected":false},"featured_media":1302854,"template":"","meta":[],"product_brand":[],"product_cat":[98,96,85,104],"product_tag":[],"class_list":{"0":"post-45117","1":"product","2":"type-product","3":"status-publish","4":"has-post-thumbnail","6":"product_cat-buchstutzen","7":"product_cat-over-499-kr","8":"product_cat-presenttips-till-studenten","9":"product_cat-alskade-bokstod","11":"first","12":"instock","13":"shipping-taxable","14":"product-type-simple"},"yoast_head":"<!-- This site is optimized with the Yoast SEO plugin v27.3 - https:\/\/yoast.com\/product\/yoast-seo-wordpress\/ -->\n<title>Virginia Woolf - NOVELLIX<\/title>\n<meta name=\"description\" content=\"G\u00f6r din bokhylla extra fin med ett bokst\u00f6d av Virginia Woolf. Industridesignern Jan Landqvist st\u00e5r f\u00f6r id\u00e9 och design \u2013 v\u00e4lj mellan 50-tal olika bokst\u00f6d!\" \/>\n<meta name=\"robots\" content=\"index, follow, max-snippet:-1, max-image-preview:large, max-video-preview:-1\" \/>\n<link rel=\"canonical\" href=\"https:\/\/novellix.com\/de\/produkt\/virginia-woolf\/\" \/>\n<meta property=\"og:locale\" content=\"de_DE\" \/>\n<meta property=\"og:type\" content=\"article\" \/>\n<meta property=\"og:title\" content=\"Virginia Woolf - NOVELLIX\" \/>\n<meta property=\"og:description\" content=\"G\u00f6r din bokhylla extra fin med ett bokst\u00f6d av Virginia Woolf. Industridesignern Jan Landqvist st\u00e5r f\u00f6r id\u00e9 och design \u2013 v\u00e4lj mellan 50-tal olika bokst\u00f6d!\" \/>\n<meta property=\"og:url\" content=\"https:\/\/novellix.com\/de\/produkt\/virginia-woolf\/\" \/>\n<meta property=\"og:site_name\" content=\"NOVELLIX\" \/>\n<meta property=\"article:modified_time\" content=\"2024-02-28T17:30:33+00:00\" \/>\n<meta property=\"og:image\" content=\"https:\/\/novellix.com\/de\/wp-content\/uploads\/sites\/2\/2023\/12\/virginia-woolf-1-731x1030-1.jpg\" \/>\n\t<meta property=\"og:image:width\" content=\"731\" \/>\n\t<meta property=\"og:image:height\" content=\"1030\" \/>\n\t<meta property=\"og:image:type\" content=\"image\/jpeg\" \/>\n<meta name=\"twitter:card\" content=\"summary_large_image\" \/>\n<meta name=\"twitter:label1\" content=\"Gesch\u00e4tzte Lesezeit\" \/>\n\t<meta name=\"twitter:data1\" content=\"1\u00a0Minute\" \/>\n<script type=\"application\/ld+json\" class=\"yoast-schema-graph\">{\"@context\":\"https:\\\/\\\/schema.org\",\"@graph\":[{\"@type\":\"WebPage\",\"@id\":\"https:\\\/\\\/novellix.com\\\/de\\\/produkt\\\/virginia-woolf\\\/\",\"url\":\"https:\\\/\\\/novellix.com\\\/de\\\/produkt\\\/virginia-woolf\\\/\",\"name\":\"Virginia Woolf - NOVELLIX\",\"isPartOf\":{\"@id\":\"https:\\\/\\\/novellix.com\\\/de\\\/#website\"},\"primaryImageOfPage\":{\"@id\":\"https:\\\/\\\/novellix.com\\\/de\\\/produkt\\\/virginia-woolf\\\/#primaryimage\"},\"image\":{\"@id\":\"https:\\\/\\\/novellix.com\\\/de\\\/produkt\\\/virginia-woolf\\\/#primaryimage\"},\"thumbnailUrl\":\"https:\\\/\\\/novellix.com\\\/de\\\/wp-content\\\/uploads\\\/sites\\\/2\\\/2023\\\/12\\\/virginia-woolf-1-731x1030-1.jpg\",\"datePublished\":\"2023-12-10T22:41:36+00:00\",\"dateModified\":\"2024-02-28T17:30:33+00:00\",\"description\":\"G\u00f6r din bokhylla extra fin med ett bokst\u00f6d av Virginia Woolf. Industridesignern Jan Landqvist st\u00e5r f\u00f6r id\u00e9 och design \u2013 v\u00e4lj mellan 50-tal olika bokst\u00f6d!\",\"breadcrumb\":{\"@id\":\"https:\\\/\\\/novellix.com\\\/de\\\/produkt\\\/virginia-woolf\\\/#breadcrumb\"},\"inLanguage\":\"de\",\"potentialAction\":[{\"@type\":\"ReadAction\",\"target\":[\"https:\\\/\\\/novellix.com\\\/de\\\/produkt\\\/virginia-woolf\\\/\"]}]},{\"@type\":\"ImageObject\",\"inLanguage\":\"de\",\"@id\":\"https:\\\/\\\/novellix.com\\\/de\\\/produkt\\\/virginia-woolf\\\/#primaryimage\",\"url\":\"https:\\\/\\\/novellix.com\\\/de\\\/wp-content\\\/uploads\\\/sites\\\/2\\\/2023\\\/12\\\/virginia-woolf-1-731x1030-1.jpg\",\"contentUrl\":\"https:\\\/\\\/novellix.com\\\/de\\\/wp-content\\\/uploads\\\/sites\\\/2\\\/2023\\\/12\\\/virginia-woolf-1-731x1030-1.jpg\",\"width\":731,\"height\":1030,\"caption\":\"virginia woolf\"},{\"@type\":\"BreadcrumbList\",\"@id\":\"https:\\\/\\\/novellix.com\\\/de\\\/produkt\\\/virginia-woolf\\\/#breadcrumb\",\"itemListElement\":[{\"@type\":\"ListItem\",\"position\":1,\"name\":\"Shop\",\"item\":\"https:\\\/\\\/novellix.com\\\/de\\\/shop\\\/\"},{\"@type\":\"ListItem\",\"position\":2,\"name\":\"Virginia Woolf\"}]},{\"@type\":\"WebSite\",\"@id\":\"https:\\\/\\\/novellix.com\\\/de\\\/#website\",\"url\":\"https:\\\/\\\/novellix.com\\\/de\\\/\",\"name\":\"NOVELLIX\",\"description\":\"\",\"potentialAction\":[{\"@type\":\"SearchAction\",\"target\":{\"@type\":\"EntryPoint\",\"urlTemplate\":\"https:\\\/\\\/novellix.com\\\/de\\\/?s={search_term_string}\"},\"query-input\":{\"@type\":\"PropertyValueSpecification\",\"valueRequired\":true,\"valueName\":\"search_term_string\"}}],\"inLanguage\":\"de\"}]}<\/script>\n<!-- \/ Yoast SEO plugin. -->","yoast_head_json":{"title":"Virginia Woolf - NOVELLIX","description":"G\u00f6r din bokhylla extra fin med ett bokst\u00f6d av Virginia Woolf. Industridesignern Jan Landqvist st\u00e5r f\u00f6r id\u00e9 och design \u2013 v\u00e4lj mellan 50-tal olika bokst\u00f6d!","robots":{"index":"index","follow":"follow","max-snippet":"max-snippet:-1","max-image-preview":"max-image-preview:large","max-video-preview":"max-video-preview:-1"},"canonical":"https:\/\/novellix.com\/de\/produkt\/virginia-woolf\/","og_locale":"de_DE","og_type":"article","og_title":"Virginia Woolf - NOVELLIX","og_description":"G\u00f6r din bokhylla extra fin med ett bokst\u00f6d av Virginia Woolf. Industridesignern Jan Landqvist st\u00e5r f\u00f6r id\u00e9 och design \u2013 v\u00e4lj mellan 50-tal olika bokst\u00f6d!","og_url":"https:\/\/novellix.com\/de\/produkt\/virginia-woolf\/","og_site_name":"NOVELLIX","article_modified_time":"2024-02-28T17:30:33+00:00","og_image":[{"width":731,"height":1030,"url":"https:\/\/novellix.com\/de\/wp-content\/uploads\/sites\/2\/2023\/12\/virginia-woolf-1-731x1030-1.jpg","type":"image\/jpeg"}],"twitter_card":"summary_large_image","twitter_misc":{"Gesch\u00e4tzte Lesezeit":"1\u00a0Minute"},"schema":{"@context":"https:\/\/schema.org","@graph":[{"@type":"WebPage","@id":"https:\/\/novellix.com\/de\/produkt\/virginia-woolf\/","url":"https:\/\/novellix.com\/de\/produkt\/virginia-woolf\/","name":"Virginia Woolf - NOVELLIX","isPartOf":{"@id":"https:\/\/novellix.com\/de\/#website"},"primaryImageOfPage":{"@id":"https:\/\/novellix.com\/de\/produkt\/virginia-woolf\/#primaryimage"},"image":{"@id":"https:\/\/novellix.com\/de\/produkt\/virginia-woolf\/#primaryimage"},"thumbnailUrl":"https:\/\/novellix.com\/de\/wp-content\/uploads\/sites\/2\/2023\/12\/virginia-woolf-1-731x1030-1.jpg","datePublished":"2023-12-10T22:41:36+00:00","dateModified":"2024-02-28T17:30:33+00:00","description":"G\u00f6r din bokhylla extra fin med ett bokst\u00f6d av Virginia Woolf. Industridesignern Jan Landqvist st\u00e5r f\u00f6r id\u00e9 och design \u2013 v\u00e4lj mellan 50-tal olika bokst\u00f6d!","breadcrumb":{"@id":"https:\/\/novellix.com\/de\/produkt\/virginia-woolf\/#breadcrumb"},"inLanguage":"de","potentialAction":[{"@type":"ReadAction","target":["https:\/\/novellix.com\/de\/produkt\/virginia-woolf\/"]}]},{"@type":"ImageObject","inLanguage":"de","@id":"https:\/\/novellix.com\/de\/produkt\/virginia-woolf\/#primaryimage","url":"https:\/\/novellix.com\/de\/wp-content\/uploads\/sites\/2\/2023\/12\/virginia-woolf-1-731x1030-1.jpg","contentUrl":"https:\/\/novellix.com\/de\/wp-content\/uploads\/sites\/2\/2023\/12\/virginia-woolf-1-731x1030-1.jpg","width":731,"height":1030,"caption":"virginia woolf"},{"@type":"BreadcrumbList","@id":"https:\/\/novellix.com\/de\/produkt\/virginia-woolf\/#breadcrumb","itemListElement":[{"@type":"ListItem","position":1,"name":"Shop","item":"https:\/\/novellix.com\/de\/shop\/"},{"@type":"ListItem","position":2,"name":"Virginia Woolf"}]},{"@type":"WebSite","@id":"https:\/\/novellix.com\/de\/#website","url":"https:\/\/novellix.com\/de\/","name":"NOVELLIX","description":"","potentialAction":[{"@type":"SearchAction","target":{"@type":"EntryPoint","urlTemplate":"https:\/\/novellix.com\/de\/?s={search_term_string}"},"query-input":{"@type":"PropertyValueSpecification","valueRequired":true,"valueName":"search_term_string"}}],"inLanguage":"de"}]}},"_links":{"self":[{"href":"https:\/\/novellix.com\/de\/wp-json\/wp\/v2\/product\/45117","targetHints":{"allow":["GET"]}}],"collection":[{"href":"https:\/\/novellix.com\/de\/wp-json\/wp\/v2\/product"}],"about":[{"href":"https:\/\/novellix.com\/de\/wp-json\/wp\/v2\/types\/product"}],"wp:featuredmedia":[{"embeddable":true,"href":"https:\/\/novellix.com\/de\/wp-json\/wp\/v2\/media\/1302854"}],"wp:attachment":[{"href":"https:\/\/novellix.com\/de\/wp-json\/wp\/v2\/media?parent=45117"}],"wp:term":[{"taxonomy":"product_brand","embeddable":true,"href":"https:\/\/novellix.com\/de\/wp-json\/wp\/v2\/product_brand?post=45117"},{"taxonomy":"product_cat","embeddable":true,"href":"https:\/\/novellix.com\/de\/wp-json\/wp\/v2\/product_cat?post=45117"},{"taxonomy":"product_tag","embeddable":true,"href":"https:\/\/novellix.com\/de\/wp-json\/wp\/v2\/product_tag?post=45117"}],"curies":[{"name":"wp","href":"https:\/\/api.w.org\/{rel}","templated":true}]}}