{"id":45144,"date":"2023-12-10T22:41:36","date_gmt":"2023-12-10T22:41:36","guid":{"rendered":"http:\/\/novellix.se\/novellix\/?post_type=product&#038;p=45144"},"modified":"2024-02-29T08:43:20","modified_gmt":"2024-02-29T08:43:20","slug":"bokstod-selma-lagerlof","status":"publish","type":"product","link":"https:\/\/novellix.com\/de\/produkt\/bokstod-selma-lagerlof\/","title":{"rendered":"Selma Lagerl\u00f6f"},"content":{"rendered":"<p><span style=\"font-weight: 400;\">Selma Lagerl\u00f6f (1858-1940) war eine schwedische Schriftstellerin und sowohl die erste Frau, die den Nobelpreis f\u00fcr Literatur gewann (1909) als auch Mitglied der Schwedischen Akademie wurde (1914). Ihr Deb\u00fctroman &#8222;Die Legende von G\u00f6sta Berling&#8220; wurde 1891 ver\u00f6ffentlicht und z\u00e4hlt mittlerweile zu den Klassikern der schwedischen Literatur. Ihr ber\u00fchmtestes Buch, &#8222;Nils Holgerssons wunderbare Reise\u201d (1906), wurde in mehr als 30 Sprachen \u00fcbersetzt und zeichnet ein Portr\u00e4t Schwedens.\u00a0<\/span><\/p>\n<p><span style=\"font-weight: 400;\">Die Idee und das Design der Novellix-Buchst\u00fctzen stammen vom Industriedesigner Jan Landqvist. Die Buchst\u00fctzen werden im schwedischen Gnosj\u00f6 hergestellt und bestehen aus weitgehend recyceltem Stahlblech, das mit einem strapazierf\u00e4higen schwarzen Pulverlack behandelt wurde. Die Ma\u00dfe betragen 15\u00d715 cm f\u00fcr die Portr\u00e4ts und 10\u00d715 cm f\u00fcr die Bodenplatte.<\/span><\/p>\n","protected":false},"excerpt":{"rendered":"<p>Selma Lagerl\u00f6f (1858-1940) war eine schwedische Schriftstellerin und sowohl die erste Frau, die den Nobelpreis f\u00fcr Literatur gewann (1909) als auch Mitglied der Schwedischen Akademie wurde (1914). Ihr Deb\u00fctroman &#8222;Die Legende von G\u00f6sta Berling&#8220; wurde 1891 ver\u00f6ffentlicht und z\u00e4hlt mittlerweile zu den Klassikern der schwedischen Literatur. Ihr ber\u00fchmtestes Buch, &#8222;Nils Holgerssons wunderbare Reise\u201d (1906), wurde [&#8230;]\n","protected":false},"featured_media":1302851,"template":"","meta":[],"product_brand":[],"product_cat":[98,104],"product_tag":[],"class_list":{"0":"post-45144","1":"product","2":"type-product","3":"status-publish","4":"has-post-thumbnail","6":"product_cat-buchstutzen","7":"product_cat-alskade-bokstod","9":"first","10":"instock","11":"shipping-taxable","12":"product-type-simple"},"yoast_head":"<!-- This site is optimized with the Yoast SEO plugin v27.3 - https:\/\/yoast.com\/product\/yoast-seo-wordpress\/ -->\n<title>Selma Lagerl\u00f6f - NOVELLIX<\/title>\n<meta name=\"description\" content=\"G\u00f6r din bokhylla extra fin med ett bokst\u00f6d av Selma Lagerl\u00f6f. Industridesignern Jan Landqvist st\u00e5r f\u00f6r id\u00e9 och design \u2013 v\u00e4lj mellan 50-tal olika bokst\u00f6d!\" \/>\n<meta name=\"robots\" content=\"index, follow, max-snippet:-1, max-image-preview:large, max-video-preview:-1\" \/>\n<link rel=\"canonical\" href=\"https:\/\/novellix.com\/de\/produkt\/bokstod-selma-lagerlof\/\" \/>\n<meta property=\"og:locale\" content=\"de_DE\" \/>\n<meta property=\"og:type\" content=\"article\" \/>\n<meta property=\"og:title\" content=\"Selma Lagerl\u00f6f - NOVELLIX\" \/>\n<meta property=\"og:description\" content=\"G\u00f6r din bokhylla extra fin med ett bokst\u00f6d av Selma Lagerl\u00f6f. Industridesignern Jan Landqvist st\u00e5r f\u00f6r id\u00e9 och design \u2013 v\u00e4lj mellan 50-tal olika bokst\u00f6d!\" \/>\n<meta property=\"og:url\" content=\"https:\/\/novellix.com\/de\/produkt\/bokstod-selma-lagerlof\/\" \/>\n<meta property=\"og:site_name\" content=\"NOVELLIX\" \/>\n<meta property=\"article:modified_time\" content=\"2024-02-29T08:43:20+00:00\" \/>\n<meta property=\"og:image\" content=\"https:\/\/novellix.com\/de\/wp-content\/uploads\/sites\/2\/2023\/12\/selma-lagerlof-731x1030-1.jpg\" \/>\n\t<meta property=\"og:image:width\" content=\"731\" \/>\n\t<meta property=\"og:image:height\" content=\"1030\" \/>\n\t<meta property=\"og:image:type\" content=\"image\/jpeg\" \/>\n<meta name=\"twitter:card\" content=\"summary_large_image\" \/>\n<meta name=\"twitter:label1\" content=\"Gesch\u00e4tzte Lesezeit\" \/>\n\t<meta name=\"twitter:data1\" content=\"1\u00a0Minute\" \/>\n<script type=\"application\/ld+json\" class=\"yoast-schema-graph\">{\"@context\":\"https:\\\/\\\/schema.org\",\"@graph\":[{\"@type\":\"WebPage\",\"@id\":\"https:\\\/\\\/novellix.com\\\/de\\\/produkt\\\/bokstod-selma-lagerlof\\\/\",\"url\":\"https:\\\/\\\/novellix.com\\\/de\\\/produkt\\\/bokstod-selma-lagerlof\\\/\",\"name\":\"Selma Lagerl\u00f6f - NOVELLIX\",\"isPartOf\":{\"@id\":\"https:\\\/\\\/novellix.com\\\/de\\\/#website\"},\"primaryImageOfPage\":{\"@id\":\"https:\\\/\\\/novellix.com\\\/de\\\/produkt\\\/bokstod-selma-lagerlof\\\/#primaryimage\"},\"image\":{\"@id\":\"https:\\\/\\\/novellix.com\\\/de\\\/produkt\\\/bokstod-selma-lagerlof\\\/#primaryimage\"},\"thumbnailUrl\":\"https:\\\/\\\/novellix.com\\\/de\\\/wp-content\\\/uploads\\\/sites\\\/2\\\/2023\\\/12\\\/selma-lagerlof-731x1030-1.jpg\",\"datePublished\":\"2023-12-10T22:41:36+00:00\",\"dateModified\":\"2024-02-29T08:43:20+00:00\",\"description\":\"G\u00f6r din bokhylla extra fin med ett bokst\u00f6d av Selma Lagerl\u00f6f. Industridesignern Jan Landqvist st\u00e5r f\u00f6r id\u00e9 och design \u2013 v\u00e4lj mellan 50-tal olika bokst\u00f6d!\",\"breadcrumb\":{\"@id\":\"https:\\\/\\\/novellix.com\\\/de\\\/produkt\\\/bokstod-selma-lagerlof\\\/#breadcrumb\"},\"inLanguage\":\"de\",\"potentialAction\":[{\"@type\":\"ReadAction\",\"target\":[\"https:\\\/\\\/novellix.com\\\/de\\\/produkt\\\/bokstod-selma-lagerlof\\\/\"]}]},{\"@type\":\"ImageObject\",\"inLanguage\":\"de\",\"@id\":\"https:\\\/\\\/novellix.com\\\/de\\\/produkt\\\/bokstod-selma-lagerlof\\\/#primaryimage\",\"url\":\"https:\\\/\\\/novellix.com\\\/de\\\/wp-content\\\/uploads\\\/sites\\\/2\\\/2023\\\/12\\\/selma-lagerlof-731x1030-1.jpg\",\"contentUrl\":\"https:\\\/\\\/novellix.com\\\/de\\\/wp-content\\\/uploads\\\/sites\\\/2\\\/2023\\\/12\\\/selma-lagerlof-731x1030-1.jpg\",\"width\":731,\"height\":1030,\"caption\":\"selma-lagerlof-731x1030\"},{\"@type\":\"BreadcrumbList\",\"@id\":\"https:\\\/\\\/novellix.com\\\/de\\\/produkt\\\/bokstod-selma-lagerlof\\\/#breadcrumb\",\"itemListElement\":[{\"@type\":\"ListItem\",\"position\":1,\"name\":\"Shop\",\"item\":\"https:\\\/\\\/novellix.com\\\/de\\\/shop\\\/\"},{\"@type\":\"ListItem\",\"position\":2,\"name\":\"Selma Lagerl\u00f6f\"}]},{\"@type\":\"WebSite\",\"@id\":\"https:\\\/\\\/novellix.com\\\/de\\\/#website\",\"url\":\"https:\\\/\\\/novellix.com\\\/de\\\/\",\"name\":\"NOVELLIX\",\"description\":\"\",\"potentialAction\":[{\"@type\":\"SearchAction\",\"target\":{\"@type\":\"EntryPoint\",\"urlTemplate\":\"https:\\\/\\\/novellix.com\\\/de\\\/?s={search_term_string}\"},\"query-input\":{\"@type\":\"PropertyValueSpecification\",\"valueRequired\":true,\"valueName\":\"search_term_string\"}}],\"inLanguage\":\"de\"}]}<\/script>\n<!-- \/ Yoast SEO plugin. -->","yoast_head_json":{"title":"Selma Lagerl\u00f6f - NOVELLIX","description":"G\u00f6r din bokhylla extra fin med ett bokst\u00f6d av Selma Lagerl\u00f6f. Industridesignern Jan Landqvist st\u00e5r f\u00f6r id\u00e9 och design \u2013 v\u00e4lj mellan 50-tal olika bokst\u00f6d!","robots":{"index":"index","follow":"follow","max-snippet":"max-snippet:-1","max-image-preview":"max-image-preview:large","max-video-preview":"max-video-preview:-1"},"canonical":"https:\/\/novellix.com\/de\/produkt\/bokstod-selma-lagerlof\/","og_locale":"de_DE","og_type":"article","og_title":"Selma Lagerl\u00f6f - NOVELLIX","og_description":"G\u00f6r din bokhylla extra fin med ett bokst\u00f6d av Selma Lagerl\u00f6f. Industridesignern Jan Landqvist st\u00e5r f\u00f6r id\u00e9 och design \u2013 v\u00e4lj mellan 50-tal olika bokst\u00f6d!","og_url":"https:\/\/novellix.com\/de\/produkt\/bokstod-selma-lagerlof\/","og_site_name":"NOVELLIX","article_modified_time":"2024-02-29T08:43:20+00:00","og_image":[{"width":731,"height":1030,"url":"https:\/\/novellix.com\/de\/wp-content\/uploads\/sites\/2\/2023\/12\/selma-lagerlof-731x1030-1.jpg","type":"image\/jpeg"}],"twitter_card":"summary_large_image","twitter_misc":{"Gesch\u00e4tzte Lesezeit":"1\u00a0Minute"},"schema":{"@context":"https:\/\/schema.org","@graph":[{"@type":"WebPage","@id":"https:\/\/novellix.com\/de\/produkt\/bokstod-selma-lagerlof\/","url":"https:\/\/novellix.com\/de\/produkt\/bokstod-selma-lagerlof\/","name":"Selma Lagerl\u00f6f - NOVELLIX","isPartOf":{"@id":"https:\/\/novellix.com\/de\/#website"},"primaryImageOfPage":{"@id":"https:\/\/novellix.com\/de\/produkt\/bokstod-selma-lagerlof\/#primaryimage"},"image":{"@id":"https:\/\/novellix.com\/de\/produkt\/bokstod-selma-lagerlof\/#primaryimage"},"thumbnailUrl":"https:\/\/novellix.com\/de\/wp-content\/uploads\/sites\/2\/2023\/12\/selma-lagerlof-731x1030-1.jpg","datePublished":"2023-12-10T22:41:36+00:00","dateModified":"2024-02-29T08:43:20+00:00","description":"G\u00f6r din bokhylla extra fin med ett bokst\u00f6d av Selma Lagerl\u00f6f. Industridesignern Jan Landqvist st\u00e5r f\u00f6r id\u00e9 och design \u2013 v\u00e4lj mellan 50-tal olika bokst\u00f6d!","breadcrumb":{"@id":"https:\/\/novellix.com\/de\/produkt\/bokstod-selma-lagerlof\/#breadcrumb"},"inLanguage":"de","potentialAction":[{"@type":"ReadAction","target":["https:\/\/novellix.com\/de\/produkt\/bokstod-selma-lagerlof\/"]}]},{"@type":"ImageObject","inLanguage":"de","@id":"https:\/\/novellix.com\/de\/produkt\/bokstod-selma-lagerlof\/#primaryimage","url":"https:\/\/novellix.com\/de\/wp-content\/uploads\/sites\/2\/2023\/12\/selma-lagerlof-731x1030-1.jpg","contentUrl":"https:\/\/novellix.com\/de\/wp-content\/uploads\/sites\/2\/2023\/12\/selma-lagerlof-731x1030-1.jpg","width":731,"height":1030,"caption":"selma-lagerlof-731x1030"},{"@type":"BreadcrumbList","@id":"https:\/\/novellix.com\/de\/produkt\/bokstod-selma-lagerlof\/#breadcrumb","itemListElement":[{"@type":"ListItem","position":1,"name":"Shop","item":"https:\/\/novellix.com\/de\/shop\/"},{"@type":"ListItem","position":2,"name":"Selma Lagerl\u00f6f"}]},{"@type":"WebSite","@id":"https:\/\/novellix.com\/de\/#website","url":"https:\/\/novellix.com\/de\/","name":"NOVELLIX","description":"","potentialAction":[{"@type":"SearchAction","target":{"@type":"EntryPoint","urlTemplate":"https:\/\/novellix.com\/de\/?s={search_term_string}"},"query-input":{"@type":"PropertyValueSpecification","valueRequired":true,"valueName":"search_term_string"}}],"inLanguage":"de"}]}},"_links":{"self":[{"href":"https:\/\/novellix.com\/de\/wp-json\/wp\/v2\/product\/45144","targetHints":{"allow":["GET"]}}],"collection":[{"href":"https:\/\/novellix.com\/de\/wp-json\/wp\/v2\/product"}],"about":[{"href":"https:\/\/novellix.com\/de\/wp-json\/wp\/v2\/types\/product"}],"wp:featuredmedia":[{"embeddable":true,"href":"https:\/\/novellix.com\/de\/wp-json\/wp\/v2\/media\/1302851"}],"wp:attachment":[{"href":"https:\/\/novellix.com\/de\/wp-json\/wp\/v2\/media?parent=45144"}],"wp:term":[{"taxonomy":"product_brand","embeddable":true,"href":"https:\/\/novellix.com\/de\/wp-json\/wp\/v2\/product_brand?post=45144"},{"taxonomy":"product_cat","embeddable":true,"href":"https:\/\/novellix.com\/de\/wp-json\/wp\/v2\/product_cat?post=45144"},{"taxonomy":"product_tag","embeddable":true,"href":"https:\/\/novellix.com\/de\/wp-json\/wp\/v2\/product_tag?post=45144"}],"curies":[{"name":"wp","href":"https:\/\/api.w.org\/{rel}","templated":true}]}}