{"id":45410,"date":"2023-12-10T22:41:35","date_gmt":"2023-12-10T22:41:35","guid":{"rendered":"http:\/\/novellix.se\/novellix\/?post_type=product&#038;p=45410"},"modified":"2024-02-28T17:29:53","modified_gmt":"2024-02-28T17:29:53","slug":"bokstod-franz-kafka","status":"publish","type":"product","link":"https:\/\/novellix.com\/de\/produkt\/bokstod-franz-kafka\/","title":{"rendered":"Franz Kafka"},"content":{"rendered":"<p><b>Franz Kafka<\/b><span style=\"font-weight: 400;\"> (1883\u20131924) wurde in Prag als Sohn j\u00fcdischer Eltern geboren. Nach einem Jurastudium trat er in die \u201cArbeiter-Unfall-Versicherungs-Anstalt\u201d ein, deren Beamter er bis zu seiner fr\u00fchzeitigen Pensionierung im Jahr 1922 blieb. Die Erfahrungen aus dieser Arbeitswelt flossen h\u00e4ufig in seine Texte ein, die oft die absurden Ausw\u00fcchse von B\u00fcrokratie beschreiben. Zu Lebzeiten wurden allerdings keine seiner Geschichten ver\u00f6ffentlicht. Er hinterlie\u00df, als er mit nur 40 Jahren starb,\u00a0 Tagebuchaufzeichnungen, Briefwechsel, Erz\u00e4hlungen und die drei unvollendeten Romane &#8222;Der Process&#8220; (Der Prozess), &#8222;Das Schloss&#8220; und &#8222;Amerika&#8220;. Sein Freund und Dichter Max Brod widersetzte sich Kafkas Wunsch, dass alles nach seinem Tod verbrannt werden sollte, und sorgte f\u00fcr die posthume Ver\u00f6ffentlichung. Nach dem Zweiten Weltkrieg erlangte Franz Kafka weltweiten Ruhm und gilt heute als einer der bedeutendsten Interpreten der Ausgesetztheit des Menschen in einer Welt, in der Gesetze und Vorschriften mehr bedeuten als das Individuum.<\/span><\/p>\n<p><span style=\"font-weight: 400;\">Der Industriedesigner Jan Landqvist steht f\u00fcr die Idee und das Design der Novellix-Buchst\u00fctzen. Die Buchst\u00fctzen werden in der schwedischen Region Gnosj\u00f6 hergestellt und bestehen aus geschnittenem und gebogenem Stahlblech, das mit einem schwarzen, strapazierf\u00e4higen Pulverlack behandelt wurde. Die Ma\u00dfe betragen 15\u00d715 cm f\u00fcr die Portr\u00e4ts und 10\u00d715 cm f\u00fcr die Bodenplatte<\/span><span style=\"font-weight: 400;\">.<\/span><\/p>\n","protected":false},"excerpt":{"rendered":"<p>Franz Kafka (1883\u20131924) wurde in Prag als Sohn j\u00fcdischer Eltern geboren. Nach einem Jurastudium trat er in die \u201cArbeiter-Unfall-Versicherungs-Anstalt\u201d ein, deren Beamter er bis zu seiner fr\u00fchzeitigen Pensionierung im Jahr 1922 blieb. Die Erfahrungen aus dieser Arbeitswelt flossen h\u00e4ufig in seine Texte ein, die oft die absurden Ausw\u00fcchse von B\u00fcrokratie beschreiben. Zu Lebzeiten wurden allerdings [&#8230;]\n","protected":false},"featured_media":1302856,"template":"","meta":[],"product_brand":[],"product_cat":[98],"product_tag":[],"class_list":{"0":"post-45410","1":"product","2":"type-product","3":"status-publish","4":"has-post-thumbnail","6":"product_cat-buchstutzen","8":"first","9":"instock","10":"shipping-taxable","11":"product-type-simple"},"yoast_head":"<!-- This site is optimized with the Yoast SEO plugin v27.3 - https:\/\/yoast.com\/product\/yoast-seo-wordpress\/ -->\n<title>Franz Kafka - NOVELLIX<\/title>\n<meta name=\"robots\" content=\"index, follow, max-snippet:-1, max-image-preview:large, max-video-preview:-1\" \/>\n<link rel=\"canonical\" href=\"https:\/\/novellix.com\/de\/produkt\/bokstod-franz-kafka\/\" \/>\n<meta property=\"og:locale\" content=\"de_DE\" \/>\n<meta property=\"og:type\" content=\"article\" \/>\n<meta property=\"og:title\" content=\"Franz Kafka - NOVELLIX\" \/>\n<meta property=\"og:description\" content=\"Franz Kafka (1883\u20131924) wurde in Prag als Sohn j\u00fcdischer Eltern geboren. Nach einem Jurastudium trat er in die \u201cArbeiter-Unfall-Versicherungs-Anstalt\u201d ein, deren Beamter er bis zu seiner fr\u00fchzeitigen Pensionierung im Jahr 1922 blieb. Die Erfahrungen aus dieser Arbeitswelt flossen h\u00e4ufig in seine Texte ein, die oft die absurden Ausw\u00fcchse von B\u00fcrokratie beschreiben. Zu Lebzeiten wurden allerdings [...]\" \/>\n<meta property=\"og:url\" content=\"https:\/\/novellix.com\/de\/produkt\/bokstod-franz-kafka\/\" \/>\n<meta property=\"og:site_name\" content=\"NOVELLIX\" \/>\n<meta property=\"article:modified_time\" content=\"2024-02-28T17:29:53+00:00\" \/>\n<meta property=\"og:image\" content=\"https:\/\/novellix.com\/de\/wp-content\/uploads\/sites\/2\/2023\/12\/franz-kafka-1-731x1030-1.jpg\" \/>\n\t<meta property=\"og:image:width\" content=\"731\" \/>\n\t<meta property=\"og:image:height\" content=\"1030\" \/>\n\t<meta property=\"og:image:type\" content=\"image\/jpeg\" \/>\n<meta name=\"twitter:card\" content=\"summary_large_image\" \/>\n<meta name=\"twitter:label1\" content=\"Gesch\u00e4tzte Lesezeit\" \/>\n\t<meta name=\"twitter:data1\" content=\"1\u00a0Minute\" \/>\n<script type=\"application\/ld+json\" class=\"yoast-schema-graph\">{\"@context\":\"https:\\\/\\\/schema.org\",\"@graph\":[{\"@type\":\"WebPage\",\"@id\":\"https:\\\/\\\/novellix.com\\\/de\\\/produkt\\\/bokstod-franz-kafka\\\/\",\"url\":\"https:\\\/\\\/novellix.com\\\/de\\\/produkt\\\/bokstod-franz-kafka\\\/\",\"name\":\"Franz Kafka - NOVELLIX\",\"isPartOf\":{\"@id\":\"https:\\\/\\\/novellix.com\\\/de\\\/#website\"},\"primaryImageOfPage\":{\"@id\":\"https:\\\/\\\/novellix.com\\\/de\\\/produkt\\\/bokstod-franz-kafka\\\/#primaryimage\"},\"image\":{\"@id\":\"https:\\\/\\\/novellix.com\\\/de\\\/produkt\\\/bokstod-franz-kafka\\\/#primaryimage\"},\"thumbnailUrl\":\"https:\\\/\\\/novellix.com\\\/de\\\/wp-content\\\/uploads\\\/sites\\\/2\\\/2023\\\/12\\\/franz-kafka-1-731x1030-1.jpg\",\"datePublished\":\"2023-12-10T22:41:35+00:00\",\"dateModified\":\"2024-02-28T17:29:53+00:00\",\"breadcrumb\":{\"@id\":\"https:\\\/\\\/novellix.com\\\/de\\\/produkt\\\/bokstod-franz-kafka\\\/#breadcrumb\"},\"inLanguage\":\"de\",\"potentialAction\":[{\"@type\":\"ReadAction\",\"target\":[\"https:\\\/\\\/novellix.com\\\/de\\\/produkt\\\/bokstod-franz-kafka\\\/\"]}]},{\"@type\":\"ImageObject\",\"inLanguage\":\"de\",\"@id\":\"https:\\\/\\\/novellix.com\\\/de\\\/produkt\\\/bokstod-franz-kafka\\\/#primaryimage\",\"url\":\"https:\\\/\\\/novellix.com\\\/de\\\/wp-content\\\/uploads\\\/sites\\\/2\\\/2023\\\/12\\\/franz-kafka-1-731x1030-1.jpg\",\"contentUrl\":\"https:\\\/\\\/novellix.com\\\/de\\\/wp-content\\\/uploads\\\/sites\\\/2\\\/2023\\\/12\\\/franz-kafka-1-731x1030-1.jpg\",\"width\":731,\"height\":1030},{\"@type\":\"BreadcrumbList\",\"@id\":\"https:\\\/\\\/novellix.com\\\/de\\\/produkt\\\/bokstod-franz-kafka\\\/#breadcrumb\",\"itemListElement\":[{\"@type\":\"ListItem\",\"position\":1,\"name\":\"Shop\",\"item\":\"https:\\\/\\\/novellix.com\\\/de\\\/shop\\\/\"},{\"@type\":\"ListItem\",\"position\":2,\"name\":\"Franz Kafka\"}]},{\"@type\":\"WebSite\",\"@id\":\"https:\\\/\\\/novellix.com\\\/de\\\/#website\",\"url\":\"https:\\\/\\\/novellix.com\\\/de\\\/\",\"name\":\"NOVELLIX\",\"description\":\"\",\"potentialAction\":[{\"@type\":\"SearchAction\",\"target\":{\"@type\":\"EntryPoint\",\"urlTemplate\":\"https:\\\/\\\/novellix.com\\\/de\\\/?s={search_term_string}\"},\"query-input\":{\"@type\":\"PropertyValueSpecification\",\"valueRequired\":true,\"valueName\":\"search_term_string\"}}],\"inLanguage\":\"de\"}]}<\/script>\n<!-- \/ Yoast SEO plugin. -->","yoast_head_json":{"title":"Franz Kafka - NOVELLIX","robots":{"index":"index","follow":"follow","max-snippet":"max-snippet:-1","max-image-preview":"max-image-preview:large","max-video-preview":"max-video-preview:-1"},"canonical":"https:\/\/novellix.com\/de\/produkt\/bokstod-franz-kafka\/","og_locale":"de_DE","og_type":"article","og_title":"Franz Kafka - NOVELLIX","og_description":"Franz Kafka (1883\u20131924) wurde in Prag als Sohn j\u00fcdischer Eltern geboren. Nach einem Jurastudium trat er in die \u201cArbeiter-Unfall-Versicherungs-Anstalt\u201d ein, deren Beamter er bis zu seiner fr\u00fchzeitigen Pensionierung im Jahr 1922 blieb. Die Erfahrungen aus dieser Arbeitswelt flossen h\u00e4ufig in seine Texte ein, die oft die absurden Ausw\u00fcchse von B\u00fcrokratie beschreiben. Zu Lebzeiten wurden allerdings [...]","og_url":"https:\/\/novellix.com\/de\/produkt\/bokstod-franz-kafka\/","og_site_name":"NOVELLIX","article_modified_time":"2024-02-28T17:29:53+00:00","og_image":[{"width":731,"height":1030,"url":"https:\/\/novellix.com\/de\/wp-content\/uploads\/sites\/2\/2023\/12\/franz-kafka-1-731x1030-1.jpg","type":"image\/jpeg"}],"twitter_card":"summary_large_image","twitter_misc":{"Gesch\u00e4tzte Lesezeit":"1\u00a0Minute"},"schema":{"@context":"https:\/\/schema.org","@graph":[{"@type":"WebPage","@id":"https:\/\/novellix.com\/de\/produkt\/bokstod-franz-kafka\/","url":"https:\/\/novellix.com\/de\/produkt\/bokstod-franz-kafka\/","name":"Franz Kafka - NOVELLIX","isPartOf":{"@id":"https:\/\/novellix.com\/de\/#website"},"primaryImageOfPage":{"@id":"https:\/\/novellix.com\/de\/produkt\/bokstod-franz-kafka\/#primaryimage"},"image":{"@id":"https:\/\/novellix.com\/de\/produkt\/bokstod-franz-kafka\/#primaryimage"},"thumbnailUrl":"https:\/\/novellix.com\/de\/wp-content\/uploads\/sites\/2\/2023\/12\/franz-kafka-1-731x1030-1.jpg","datePublished":"2023-12-10T22:41:35+00:00","dateModified":"2024-02-28T17:29:53+00:00","breadcrumb":{"@id":"https:\/\/novellix.com\/de\/produkt\/bokstod-franz-kafka\/#breadcrumb"},"inLanguage":"de","potentialAction":[{"@type":"ReadAction","target":["https:\/\/novellix.com\/de\/produkt\/bokstod-franz-kafka\/"]}]},{"@type":"ImageObject","inLanguage":"de","@id":"https:\/\/novellix.com\/de\/produkt\/bokstod-franz-kafka\/#primaryimage","url":"https:\/\/novellix.com\/de\/wp-content\/uploads\/sites\/2\/2023\/12\/franz-kafka-1-731x1030-1.jpg","contentUrl":"https:\/\/novellix.com\/de\/wp-content\/uploads\/sites\/2\/2023\/12\/franz-kafka-1-731x1030-1.jpg","width":731,"height":1030},{"@type":"BreadcrumbList","@id":"https:\/\/novellix.com\/de\/produkt\/bokstod-franz-kafka\/#breadcrumb","itemListElement":[{"@type":"ListItem","position":1,"name":"Shop","item":"https:\/\/novellix.com\/de\/shop\/"},{"@type":"ListItem","position":2,"name":"Franz Kafka"}]},{"@type":"WebSite","@id":"https:\/\/novellix.com\/de\/#website","url":"https:\/\/novellix.com\/de\/","name":"NOVELLIX","description":"","potentialAction":[{"@type":"SearchAction","target":{"@type":"EntryPoint","urlTemplate":"https:\/\/novellix.com\/de\/?s={search_term_string}"},"query-input":{"@type":"PropertyValueSpecification","valueRequired":true,"valueName":"search_term_string"}}],"inLanguage":"de"}]}},"_links":{"self":[{"href":"https:\/\/novellix.com\/de\/wp-json\/wp\/v2\/product\/45410","targetHints":{"allow":["GET"]}}],"collection":[{"href":"https:\/\/novellix.com\/de\/wp-json\/wp\/v2\/product"}],"about":[{"href":"https:\/\/novellix.com\/de\/wp-json\/wp\/v2\/types\/product"}],"wp:featuredmedia":[{"embeddable":true,"href":"https:\/\/novellix.com\/de\/wp-json\/wp\/v2\/media\/1302856"}],"wp:attachment":[{"href":"https:\/\/novellix.com\/de\/wp-json\/wp\/v2\/media?parent=45410"}],"wp:term":[{"taxonomy":"product_brand","embeddable":true,"href":"https:\/\/novellix.com\/de\/wp-json\/wp\/v2\/product_brand?post=45410"},{"taxonomy":"product_cat","embeddable":true,"href":"https:\/\/novellix.com\/de\/wp-json\/wp\/v2\/product_cat?post=45410"},{"taxonomy":"product_tag","embeddable":true,"href":"https:\/\/novellix.com\/de\/wp-json\/wp\/v2\/product_tag?post=45410"}],"curies":[{"name":"wp","href":"https:\/\/api.w.org\/{rel}","templated":true}]}}