{"id":45423,"date":"2023-12-10T22:41:34","date_gmt":"2023-12-10T22:41:34","guid":{"rendered":"http:\/\/novellix.se\/novellix\/?post_type=product&#038;p=45423"},"modified":"2024-02-29T08:43:20","modified_gmt":"2024-02-29T08:43:20","slug":"bokstod-shakespeare","status":"publish","type":"product","link":"https:\/\/novellix.com\/de\/produkt\/bokstod-shakespeare\/","title":{"rendered":"William Shakespeare"},"content":{"rendered":"<p><b>William Shakespeare <\/b><span style=\"font-weight: 400;\">(1564\u20131616) wurde in Stratford-upon-Avon, England, geboren und wuchs in einem b\u00fcrgerlichen Umfeld auf. Er z\u00e4hlt zu den bedeutendsten Autoren der englischen Sprache und ist vor allem als einer der herausragenden Dramatiker der Weltliteratur bekannt. Einige von Shakespeares bekanntesten Werken sind Dramen wie &#8222;Ein Sommernachtstraum&#8220;, &#8222;Macbeth&#8220; und &#8222;Hamlet&#8220;, die weltweit immer wieder auf neuen B\u00fchnen inszeniert werden. Insgesamt umfasst Shakespeares Lebenswerk 38 St\u00fccke, 154 Sonette und verschiedene Gedichte, allerdings existieren heute keine Originaltexte mehr. Viele der St\u00fccke verdanken wir Schauspielern, die sie nach Shakespeares Tod sammelten und ver\u00f6ffentlichten.<\/span><\/p>\n<p><span style=\"font-weight: 400;\">Die Idee und das Design der Novellix-Buchst\u00fctzen stammen vom Industriedesigner Jan Landqvist. Die Buchst\u00fctzen werden im schwedischen Gnosj\u00f6 hergestellt und bestehen aus weitgehend recyceltem Stahlblech, das mit einem strapazierf\u00e4higen schwarzen Pulverlack behandelt wurde. Die Ma\u00dfe betragen 15\u00d715 cm f\u00fcr die Portr\u00e4ts und 10\u00d715 cm f\u00fcr die Bodenplatte.<\/span><\/p>\n","protected":false},"excerpt":{"rendered":"<p>William Shakespeare (1564\u20131616) wurde in Stratford-upon-Avon, England, geboren und wuchs in einem b\u00fcrgerlichen Umfeld auf. Er z\u00e4hlt zu den bedeutendsten Autoren der englischen Sprache und ist vor allem als einer der herausragenden Dramatiker der Weltliteratur bekannt. Einige von Shakespeares bekanntesten Werken sind Dramen wie &#8222;Ein Sommernachtstraum&#8220;, &#8222;Macbeth&#8220; und &#8222;Hamlet&#8220;, die weltweit immer wieder auf neuen [&#8230;]\n","protected":false},"featured_media":1302857,"template":"","meta":[],"product_brand":[],"product_cat":[98,105],"product_tag":[],"class_list":{"0":"post-45423","1":"product","2":"type-product","3":"status-publish","4":"has-post-thumbnail","6":"product_cat-buchstutzen","7":"product_cat-engelska","9":"first","10":"instock","11":"shipping-taxable","12":"product-type-simple"},"yoast_head":"<!-- This site is optimized with the Yoast SEO plugin v27.3 - https:\/\/yoast.com\/product\/yoast-seo-wordpress\/ -->\n<title>William Shakespeare - NOVELLIX<\/title>\n<meta name=\"robots\" content=\"index, follow, max-snippet:-1, max-image-preview:large, max-video-preview:-1\" \/>\n<link rel=\"canonical\" href=\"https:\/\/novellix.com\/de\/produkt\/bokstod-shakespeare\/\" \/>\n<meta property=\"og:locale\" content=\"de_DE\" \/>\n<meta property=\"og:type\" content=\"article\" \/>\n<meta property=\"og:title\" content=\"William Shakespeare - NOVELLIX\" \/>\n<meta property=\"og:description\" content=\"William Shakespeare (1564\u20131616) wurde in Stratford-upon-Avon, England, geboren und wuchs in einem b\u00fcrgerlichen Umfeld auf. Er z\u00e4hlt zu den bedeutendsten Autoren der englischen Sprache und ist vor allem als einer der herausragenden Dramatiker der Weltliteratur bekannt. Einige von Shakespeares bekanntesten Werken sind Dramen wie &#8222;Ein Sommernachtstraum&#8220;, &#8222;Macbeth&#8220; und &#8222;Hamlet&#8220;, die weltweit immer wieder auf neuen [...]\" \/>\n<meta property=\"og:url\" content=\"https:\/\/novellix.com\/de\/produkt\/bokstod-shakespeare\/\" \/>\n<meta property=\"og:site_name\" content=\"NOVELLIX\" \/>\n<meta property=\"article:modified_time\" content=\"2024-02-29T08:43:20+00:00\" \/>\n<meta property=\"og:image\" content=\"https:\/\/novellix.com\/de\/wp-content\/uploads\/sites\/2\/2023\/12\/william-shakespeare-731x1030-1.jpg\" \/>\n\t<meta property=\"og:image:width\" content=\"731\" \/>\n\t<meta property=\"og:image:height\" content=\"1030\" \/>\n\t<meta property=\"og:image:type\" content=\"image\/jpeg\" \/>\n<meta name=\"twitter:card\" content=\"summary_large_image\" \/>\n<meta name=\"twitter:label1\" content=\"Gesch\u00e4tzte Lesezeit\" \/>\n\t<meta name=\"twitter:data1\" content=\"1\u00a0Minute\" \/>\n<script type=\"application\/ld+json\" class=\"yoast-schema-graph\">{\"@context\":\"https:\\\/\\\/schema.org\",\"@graph\":[{\"@type\":\"WebPage\",\"@id\":\"https:\\\/\\\/novellix.com\\\/de\\\/produkt\\\/bokstod-shakespeare\\\/\",\"url\":\"https:\\\/\\\/novellix.com\\\/de\\\/produkt\\\/bokstod-shakespeare\\\/\",\"name\":\"William Shakespeare - NOVELLIX\",\"isPartOf\":{\"@id\":\"https:\\\/\\\/novellix.com\\\/de\\\/#website\"},\"primaryImageOfPage\":{\"@id\":\"https:\\\/\\\/novellix.com\\\/de\\\/produkt\\\/bokstod-shakespeare\\\/#primaryimage\"},\"image\":{\"@id\":\"https:\\\/\\\/novellix.com\\\/de\\\/produkt\\\/bokstod-shakespeare\\\/#primaryimage\"},\"thumbnailUrl\":\"https:\\\/\\\/novellix.com\\\/de\\\/wp-content\\\/uploads\\\/sites\\\/2\\\/2023\\\/12\\\/william-shakespeare-731x1030-1.jpg\",\"datePublished\":\"2023-12-10T22:41:34+00:00\",\"dateModified\":\"2024-02-29T08:43:20+00:00\",\"breadcrumb\":{\"@id\":\"https:\\\/\\\/novellix.com\\\/de\\\/produkt\\\/bokstod-shakespeare\\\/#breadcrumb\"},\"inLanguage\":\"de\",\"potentialAction\":[{\"@type\":\"ReadAction\",\"target\":[\"https:\\\/\\\/novellix.com\\\/de\\\/produkt\\\/bokstod-shakespeare\\\/\"]}]},{\"@type\":\"ImageObject\",\"inLanguage\":\"de\",\"@id\":\"https:\\\/\\\/novellix.com\\\/de\\\/produkt\\\/bokstod-shakespeare\\\/#primaryimage\",\"url\":\"https:\\\/\\\/novellix.com\\\/de\\\/wp-content\\\/uploads\\\/sites\\\/2\\\/2023\\\/12\\\/william-shakespeare-731x1030-1.jpg\",\"contentUrl\":\"https:\\\/\\\/novellix.com\\\/de\\\/wp-content\\\/uploads\\\/sites\\\/2\\\/2023\\\/12\\\/william-shakespeare-731x1030-1.jpg\",\"width\":731,\"height\":1030},{\"@type\":\"BreadcrumbList\",\"@id\":\"https:\\\/\\\/novellix.com\\\/de\\\/produkt\\\/bokstod-shakespeare\\\/#breadcrumb\",\"itemListElement\":[{\"@type\":\"ListItem\",\"position\":1,\"name\":\"Shop\",\"item\":\"https:\\\/\\\/novellix.com\\\/de\\\/shop\\\/\"},{\"@type\":\"ListItem\",\"position\":2,\"name\":\"William Shakespeare\"}]},{\"@type\":\"WebSite\",\"@id\":\"https:\\\/\\\/novellix.com\\\/de\\\/#website\",\"url\":\"https:\\\/\\\/novellix.com\\\/de\\\/\",\"name\":\"NOVELLIX\",\"description\":\"\",\"potentialAction\":[{\"@type\":\"SearchAction\",\"target\":{\"@type\":\"EntryPoint\",\"urlTemplate\":\"https:\\\/\\\/novellix.com\\\/de\\\/?s={search_term_string}\"},\"query-input\":{\"@type\":\"PropertyValueSpecification\",\"valueRequired\":true,\"valueName\":\"search_term_string\"}}],\"inLanguage\":\"de\"}]}<\/script>\n<!-- \/ Yoast SEO plugin. -->","yoast_head_json":{"title":"William Shakespeare - NOVELLIX","robots":{"index":"index","follow":"follow","max-snippet":"max-snippet:-1","max-image-preview":"max-image-preview:large","max-video-preview":"max-video-preview:-1"},"canonical":"https:\/\/novellix.com\/de\/produkt\/bokstod-shakespeare\/","og_locale":"de_DE","og_type":"article","og_title":"William Shakespeare - NOVELLIX","og_description":"William Shakespeare (1564\u20131616) wurde in Stratford-upon-Avon, England, geboren und wuchs in einem b\u00fcrgerlichen Umfeld auf. Er z\u00e4hlt zu den bedeutendsten Autoren der englischen Sprache und ist vor allem als einer der herausragenden Dramatiker der Weltliteratur bekannt. Einige von Shakespeares bekanntesten Werken sind Dramen wie &#8222;Ein Sommernachtstraum&#8220;, &#8222;Macbeth&#8220; und &#8222;Hamlet&#8220;, die weltweit immer wieder auf neuen [...]","og_url":"https:\/\/novellix.com\/de\/produkt\/bokstod-shakespeare\/","og_site_name":"NOVELLIX","article_modified_time":"2024-02-29T08:43:20+00:00","og_image":[{"width":731,"height":1030,"url":"https:\/\/novellix.com\/de\/wp-content\/uploads\/sites\/2\/2023\/12\/william-shakespeare-731x1030-1.jpg","type":"image\/jpeg"}],"twitter_card":"summary_large_image","twitter_misc":{"Gesch\u00e4tzte Lesezeit":"1\u00a0Minute"},"schema":{"@context":"https:\/\/schema.org","@graph":[{"@type":"WebPage","@id":"https:\/\/novellix.com\/de\/produkt\/bokstod-shakespeare\/","url":"https:\/\/novellix.com\/de\/produkt\/bokstod-shakespeare\/","name":"William Shakespeare - NOVELLIX","isPartOf":{"@id":"https:\/\/novellix.com\/de\/#website"},"primaryImageOfPage":{"@id":"https:\/\/novellix.com\/de\/produkt\/bokstod-shakespeare\/#primaryimage"},"image":{"@id":"https:\/\/novellix.com\/de\/produkt\/bokstod-shakespeare\/#primaryimage"},"thumbnailUrl":"https:\/\/novellix.com\/de\/wp-content\/uploads\/sites\/2\/2023\/12\/william-shakespeare-731x1030-1.jpg","datePublished":"2023-12-10T22:41:34+00:00","dateModified":"2024-02-29T08:43:20+00:00","breadcrumb":{"@id":"https:\/\/novellix.com\/de\/produkt\/bokstod-shakespeare\/#breadcrumb"},"inLanguage":"de","potentialAction":[{"@type":"ReadAction","target":["https:\/\/novellix.com\/de\/produkt\/bokstod-shakespeare\/"]}]},{"@type":"ImageObject","inLanguage":"de","@id":"https:\/\/novellix.com\/de\/produkt\/bokstod-shakespeare\/#primaryimage","url":"https:\/\/novellix.com\/de\/wp-content\/uploads\/sites\/2\/2023\/12\/william-shakespeare-731x1030-1.jpg","contentUrl":"https:\/\/novellix.com\/de\/wp-content\/uploads\/sites\/2\/2023\/12\/william-shakespeare-731x1030-1.jpg","width":731,"height":1030},{"@type":"BreadcrumbList","@id":"https:\/\/novellix.com\/de\/produkt\/bokstod-shakespeare\/#breadcrumb","itemListElement":[{"@type":"ListItem","position":1,"name":"Shop","item":"https:\/\/novellix.com\/de\/shop\/"},{"@type":"ListItem","position":2,"name":"William Shakespeare"}]},{"@type":"WebSite","@id":"https:\/\/novellix.com\/de\/#website","url":"https:\/\/novellix.com\/de\/","name":"NOVELLIX","description":"","potentialAction":[{"@type":"SearchAction","target":{"@type":"EntryPoint","urlTemplate":"https:\/\/novellix.com\/de\/?s={search_term_string}"},"query-input":{"@type":"PropertyValueSpecification","valueRequired":true,"valueName":"search_term_string"}}],"inLanguage":"de"}]}},"_links":{"self":[{"href":"https:\/\/novellix.com\/de\/wp-json\/wp\/v2\/product\/45423","targetHints":{"allow":["GET"]}}],"collection":[{"href":"https:\/\/novellix.com\/de\/wp-json\/wp\/v2\/product"}],"about":[{"href":"https:\/\/novellix.com\/de\/wp-json\/wp\/v2\/types\/product"}],"wp:featuredmedia":[{"embeddable":true,"href":"https:\/\/novellix.com\/de\/wp-json\/wp\/v2\/media\/1302857"}],"wp:attachment":[{"href":"https:\/\/novellix.com\/de\/wp-json\/wp\/v2\/media?parent=45423"}],"wp:term":[{"taxonomy":"product_brand","embeddable":true,"href":"https:\/\/novellix.com\/de\/wp-json\/wp\/v2\/product_brand?post=45423"},{"taxonomy":"product_cat","embeddable":true,"href":"https:\/\/novellix.com\/de\/wp-json\/wp\/v2\/product_cat?post=45423"},{"taxonomy":"product_tag","embeddable":true,"href":"https:\/\/novellix.com\/de\/wp-json\/wp\/v2\/product_tag?post=45423"}],"curies":[{"name":"wp","href":"https:\/\/api.w.org\/{rel}","templated":true}]}}