{"id":45458,"date":"2023-12-10T22:41:34","date_gmt":"2023-12-10T22:41:34","guid":{"rendered":"http:\/\/novellix.se\/novellix\/?post_type=product&#038;p=45458"},"modified":"2024-05-27T12:31:41","modified_gmt":"2024-05-27T12:31:41","slug":"bokstod-marcel-proust","status":"publish","type":"product","link":"https:\/\/novellix.com\/de\/produkt\/bokstod-marcel-proust\/","title":{"rendered":"Marcel Proust"},"content":{"rendered":"<div><span style=\"color: #000000; font-family: arial, sans-serif;\"><b>Marcel Proust\u00a0<\/b>(1871\u20131922) war ein franz\u00f6sischer Schriftsteller, Kritiker und Essayist. Er wird von Kritikern und Schriftstellern als einer der einflussreichsten Autoren des 20. Jahrhunderts angesehen. Sein bekanntestes Werk, der\u00a0siebenb\u00e4ndige\u00a0Roman\u00a0<i>Auf der Suche nach der\u00a0verlorenen Zeit<\/i>, verarbeitet in psychologischen und allegorischen Erz\u00e4hlungen das Leben des Schriftsteller. Das insgesamt 3.200 Seiten umfassende Werk \u00a0mit mehr als 2.000 Figuren ist bekannt f\u00fcr seine L\u00e4nge und das Thema des unfreiwilligen Ged\u00e4chtnisses. Der erste Band wurde zun\u00e4chst vom Verlag Gallimard auf Abraten Andr\u00e9 Gides abgelehnt, der sich bei Proust sp\u00e4ter entschuldigte und es einen der schwerwiegendsten Fehler seines Lebens nannte.<\/span><\/div>\n<div><span style=\"color: #000000; font-family: arial, sans-serif;\">\u00a0<\/span><\/div>\n<div><span style=\"color: #000000; font-family: arial, sans-serif;\">Der Industriedesigner Jan Landqvist steht f\u00fcr die Idee und das Design der Novellix-Buchst\u00fctzen. Die Buchst\u00fctzen werden in der schwedischen Region Gnosj\u00f6 hergestellt und bestehen aus geschnittenem und gebogenem Stahlblech, das mit einem schwarzen, strapazierf\u00e4higen Pulverlack behandelt wurde. Die Ma\u00dfe betragen 15\u00d715 cm f\u00fcr die Portr\u00e4ts und 10\u00d715 cm f\u00fcr die Bodenplatte.<\/span><\/div>\n","protected":false},"excerpt":{"rendered":"<p>Marcel Proust\u00a0(1871\u20131922) war ein franz\u00f6sischer Schriftsteller, Kritiker und Essayist. Er wird von Kritikern und Schriftstellern als einer der einflussreichsten Autoren des 20. Jahrhunderts angesehen. Sein bekanntestes Werk, der\u00a0siebenb\u00e4ndige\u00a0Roman\u00a0Auf der Suche nach der\u00a0verlorenen Zeit, verarbeitet in psychologischen und allegorischen Erz\u00e4hlungen das Leben des Schriftsteller. Das insgesamt 3.200 Seiten umfassende Werk \u00a0mit mehr als 2.000 Figuren ist [&#8230;]\n","protected":false},"featured_media":1303106,"template":"","meta":[],"product_brand":[],"product_cat":[98],"product_tag":[],"class_list":{"0":"post-45458","1":"product","2":"type-product","3":"status-publish","4":"has-post-thumbnail","6":"product_cat-buchstutzen","8":"first","9":"instock","10":"shipping-taxable","11":"product-type-simple"},"yoast_head":"<!-- This site is optimized with the Yoast SEO plugin v27.3 - https:\/\/yoast.com\/product\/yoast-seo-wordpress\/ -->\n<title>Marcel Proust - NOVELLIX<\/title>\n<meta name=\"robots\" content=\"index, follow, max-snippet:-1, max-image-preview:large, max-video-preview:-1\" \/>\n<link rel=\"canonical\" href=\"https:\/\/novellix.com\/de\/produkt\/bokstod-marcel-proust\/\" \/>\n<meta property=\"og:locale\" content=\"de_DE\" \/>\n<meta property=\"og:type\" content=\"article\" \/>\n<meta property=\"og:title\" content=\"Marcel Proust - NOVELLIX\" \/>\n<meta property=\"og:description\" content=\"Marcel Proust\u00a0(1871\u20131922) war ein franz\u00f6sischer Schriftsteller, Kritiker und Essayist. Er wird von Kritikern und Schriftstellern als einer der einflussreichsten Autoren des 20. Jahrhunderts angesehen. Sein bekanntestes Werk, der\u00a0siebenb\u00e4ndige\u00a0Roman\u00a0Auf der Suche nach der\u00a0verlorenen Zeit, verarbeitet in psychologischen und allegorischen Erz\u00e4hlungen das Leben des Schriftsteller. Das insgesamt 3.200 Seiten umfassende Werk \u00a0mit mehr als 2.000 Figuren ist [...]\" \/>\n<meta property=\"og:url\" content=\"https:\/\/novellix.com\/de\/produkt\/bokstod-marcel-proust\/\" \/>\n<meta property=\"og:site_name\" content=\"NOVELLIX\" \/>\n<meta property=\"article:modified_time\" content=\"2024-05-27T12:31:41+00:00\" \/>\n<meta property=\"og:image\" content=\"https:\/\/novellix.com\/de\/wp-content\/uploads\/sites\/2\/2023\/12\/marcel-proust-731x1030-1.jpg\" \/>\n\t<meta property=\"og:image:width\" content=\"731\" \/>\n\t<meta property=\"og:image:height\" content=\"1030\" \/>\n\t<meta property=\"og:image:type\" content=\"image\/jpeg\" \/>\n<meta name=\"twitter:card\" content=\"summary_large_image\" \/>\n<meta name=\"twitter:label1\" content=\"Gesch\u00e4tzte Lesezeit\" \/>\n\t<meta name=\"twitter:data1\" content=\"1\u00a0Minute\" \/>\n<script type=\"application\/ld+json\" class=\"yoast-schema-graph\">{\"@context\":\"https:\\\/\\\/schema.org\",\"@graph\":[{\"@type\":\"WebPage\",\"@id\":\"https:\\\/\\\/novellix.com\\\/de\\\/produkt\\\/bokstod-marcel-proust\\\/\",\"url\":\"https:\\\/\\\/novellix.com\\\/de\\\/produkt\\\/bokstod-marcel-proust\\\/\",\"name\":\"Marcel Proust - NOVELLIX\",\"isPartOf\":{\"@id\":\"https:\\\/\\\/novellix.com\\\/de\\\/#website\"},\"primaryImageOfPage\":{\"@id\":\"https:\\\/\\\/novellix.com\\\/de\\\/produkt\\\/bokstod-marcel-proust\\\/#primaryimage\"},\"image\":{\"@id\":\"https:\\\/\\\/novellix.com\\\/de\\\/produkt\\\/bokstod-marcel-proust\\\/#primaryimage\"},\"thumbnailUrl\":\"https:\\\/\\\/novellix.com\\\/de\\\/wp-content\\\/uploads\\\/sites\\\/2\\\/2023\\\/12\\\/marcel-proust-731x1030-1.jpg\",\"datePublished\":\"2023-12-10T22:41:34+00:00\",\"dateModified\":\"2024-05-27T12:31:41+00:00\",\"breadcrumb\":{\"@id\":\"https:\\\/\\\/novellix.com\\\/de\\\/produkt\\\/bokstod-marcel-proust\\\/#breadcrumb\"},\"inLanguage\":\"de\",\"potentialAction\":[{\"@type\":\"ReadAction\",\"target\":[\"https:\\\/\\\/novellix.com\\\/de\\\/produkt\\\/bokstod-marcel-proust\\\/\"]}]},{\"@type\":\"ImageObject\",\"inLanguage\":\"de\",\"@id\":\"https:\\\/\\\/novellix.com\\\/de\\\/produkt\\\/bokstod-marcel-proust\\\/#primaryimage\",\"url\":\"https:\\\/\\\/novellix.com\\\/de\\\/wp-content\\\/uploads\\\/sites\\\/2\\\/2023\\\/12\\\/marcel-proust-731x1030-1.jpg\",\"contentUrl\":\"https:\\\/\\\/novellix.com\\\/de\\\/wp-content\\\/uploads\\\/sites\\\/2\\\/2023\\\/12\\\/marcel-proust-731x1030-1.jpg\",\"width\":731,\"height\":1030,\"caption\":\"marcel proust\"},{\"@type\":\"BreadcrumbList\",\"@id\":\"https:\\\/\\\/novellix.com\\\/de\\\/produkt\\\/bokstod-marcel-proust\\\/#breadcrumb\",\"itemListElement\":[{\"@type\":\"ListItem\",\"position\":1,\"name\":\"Shop\",\"item\":\"https:\\\/\\\/novellix.com\\\/de\\\/shop\\\/\"},{\"@type\":\"ListItem\",\"position\":2,\"name\":\"Marcel Proust\"}]},{\"@type\":\"WebSite\",\"@id\":\"https:\\\/\\\/novellix.com\\\/de\\\/#website\",\"url\":\"https:\\\/\\\/novellix.com\\\/de\\\/\",\"name\":\"NOVELLIX\",\"description\":\"\",\"potentialAction\":[{\"@type\":\"SearchAction\",\"target\":{\"@type\":\"EntryPoint\",\"urlTemplate\":\"https:\\\/\\\/novellix.com\\\/de\\\/?s={search_term_string}\"},\"query-input\":{\"@type\":\"PropertyValueSpecification\",\"valueRequired\":true,\"valueName\":\"search_term_string\"}}],\"inLanguage\":\"de\"}]}<\/script>\n<!-- \/ Yoast SEO plugin. -->","yoast_head_json":{"title":"Marcel Proust - NOVELLIX","robots":{"index":"index","follow":"follow","max-snippet":"max-snippet:-1","max-image-preview":"max-image-preview:large","max-video-preview":"max-video-preview:-1"},"canonical":"https:\/\/novellix.com\/de\/produkt\/bokstod-marcel-proust\/","og_locale":"de_DE","og_type":"article","og_title":"Marcel Proust - NOVELLIX","og_description":"Marcel Proust\u00a0(1871\u20131922) war ein franz\u00f6sischer Schriftsteller, Kritiker und Essayist. Er wird von Kritikern und Schriftstellern als einer der einflussreichsten Autoren des 20. Jahrhunderts angesehen. Sein bekanntestes Werk, der\u00a0siebenb\u00e4ndige\u00a0Roman\u00a0Auf der Suche nach der\u00a0verlorenen Zeit, verarbeitet in psychologischen und allegorischen Erz\u00e4hlungen das Leben des Schriftsteller. Das insgesamt 3.200 Seiten umfassende Werk \u00a0mit mehr als 2.000 Figuren ist [...]","og_url":"https:\/\/novellix.com\/de\/produkt\/bokstod-marcel-proust\/","og_site_name":"NOVELLIX","article_modified_time":"2024-05-27T12:31:41+00:00","og_image":[{"width":731,"height":1030,"url":"https:\/\/novellix.com\/de\/wp-content\/uploads\/sites\/2\/2023\/12\/marcel-proust-731x1030-1.jpg","type":"image\/jpeg"}],"twitter_card":"summary_large_image","twitter_misc":{"Gesch\u00e4tzte Lesezeit":"1\u00a0Minute"},"schema":{"@context":"https:\/\/schema.org","@graph":[{"@type":"WebPage","@id":"https:\/\/novellix.com\/de\/produkt\/bokstod-marcel-proust\/","url":"https:\/\/novellix.com\/de\/produkt\/bokstod-marcel-proust\/","name":"Marcel Proust - NOVELLIX","isPartOf":{"@id":"https:\/\/novellix.com\/de\/#website"},"primaryImageOfPage":{"@id":"https:\/\/novellix.com\/de\/produkt\/bokstod-marcel-proust\/#primaryimage"},"image":{"@id":"https:\/\/novellix.com\/de\/produkt\/bokstod-marcel-proust\/#primaryimage"},"thumbnailUrl":"https:\/\/novellix.com\/de\/wp-content\/uploads\/sites\/2\/2023\/12\/marcel-proust-731x1030-1.jpg","datePublished":"2023-12-10T22:41:34+00:00","dateModified":"2024-05-27T12:31:41+00:00","breadcrumb":{"@id":"https:\/\/novellix.com\/de\/produkt\/bokstod-marcel-proust\/#breadcrumb"},"inLanguage":"de","potentialAction":[{"@type":"ReadAction","target":["https:\/\/novellix.com\/de\/produkt\/bokstod-marcel-proust\/"]}]},{"@type":"ImageObject","inLanguage":"de","@id":"https:\/\/novellix.com\/de\/produkt\/bokstod-marcel-proust\/#primaryimage","url":"https:\/\/novellix.com\/de\/wp-content\/uploads\/sites\/2\/2023\/12\/marcel-proust-731x1030-1.jpg","contentUrl":"https:\/\/novellix.com\/de\/wp-content\/uploads\/sites\/2\/2023\/12\/marcel-proust-731x1030-1.jpg","width":731,"height":1030,"caption":"marcel proust"},{"@type":"BreadcrumbList","@id":"https:\/\/novellix.com\/de\/produkt\/bokstod-marcel-proust\/#breadcrumb","itemListElement":[{"@type":"ListItem","position":1,"name":"Shop","item":"https:\/\/novellix.com\/de\/shop\/"},{"@type":"ListItem","position":2,"name":"Marcel Proust"}]},{"@type":"WebSite","@id":"https:\/\/novellix.com\/de\/#website","url":"https:\/\/novellix.com\/de\/","name":"NOVELLIX","description":"","potentialAction":[{"@type":"SearchAction","target":{"@type":"EntryPoint","urlTemplate":"https:\/\/novellix.com\/de\/?s={search_term_string}"},"query-input":{"@type":"PropertyValueSpecification","valueRequired":true,"valueName":"search_term_string"}}],"inLanguage":"de"}]}},"_links":{"self":[{"href":"https:\/\/novellix.com\/de\/wp-json\/wp\/v2\/product\/45458","targetHints":{"allow":["GET"]}}],"collection":[{"href":"https:\/\/novellix.com\/de\/wp-json\/wp\/v2\/product"}],"about":[{"href":"https:\/\/novellix.com\/de\/wp-json\/wp\/v2\/types\/product"}],"wp:featuredmedia":[{"embeddable":true,"href":"https:\/\/novellix.com\/de\/wp-json\/wp\/v2\/media\/1303106"}],"wp:attachment":[{"href":"https:\/\/novellix.com\/de\/wp-json\/wp\/v2\/media?parent=45458"}],"wp:term":[{"taxonomy":"product_brand","embeddable":true,"href":"https:\/\/novellix.com\/de\/wp-json\/wp\/v2\/product_brand?post=45458"},{"taxonomy":"product_cat","embeddable":true,"href":"https:\/\/novellix.com\/de\/wp-json\/wp\/v2\/product_cat?post=45458"},{"taxonomy":"product_tag","embeddable":true,"href":"https:\/\/novellix.com\/de\/wp-json\/wp\/v2\/product_tag?post=45458"}],"curies":[{"name":"wp","href":"https:\/\/api.w.org\/{rel}","templated":true}]}}