{"id":87732,"date":"2023-12-10T22:41:33","date_gmt":"2023-12-10T22:41:33","guid":{"rendered":"http:\/\/novellix.se\/?post_type=product&#038;p=87732"},"modified":"2024-02-28T08:47:13","modified_gmt":"2024-02-28T08:47:13","slug":"bokstod-toni-morrison","status":"publish","type":"product","link":"https:\/\/novellix.com\/de\/produkt\/bokstod-toni-morrison\/","title":{"rendered":"Toni Morrison"},"content":{"rendered":"<p><b>Toni Morrison<\/b><span style=\"font-weight: 400;\"> (1931\u20132019) ist eine der bedeutendsten Autorinnen des 20. Jahrhunderts.\u00a0 Geboren in Lorain, Ohio, studierte sie an der Cornell University und wurde Professorin f\u00fcr afroamerikanische Literatur in Princeton. Ihre Romane erhielten zahlreiche Preise, darunter den Pulitzer-Preis 1987 und den Nobelpreis f\u00fcr Literatur, den sie als erste afroamerikanische Frau erhielt.\u00a0 Zu ihren bedeutendsten Werken z\u00e4hlen \u201cSehr blaue Augen\u201d, \u201cSolomons Lied\u201d, \u201cMenschenkind\u201d , \u201cJazz\u201d und \u201cParadies\u201d. In ihren diversen Essaysammlungen besch\u00e4ftigt Morrison sich mit einem breiten Themenspektrum, von der Analyse der zersplitterten Frauenbewegung bis zu \u00dcberlegungen zur Geschichte und Erfahrung der schwarzen Amerikaner*innen und zum Fremdsein in einem Land, das Heimat sein sollte.\u00a0<\/span><\/p>\n<p><span style=\"font-weight: 400;\">Der Industriedesigner Jan Landqvist steht f\u00fcr Idee und Design der Serie von Buchst\u00fctzen in Form von Silhouetten. Die Buchst\u00fctzen werden in Gnosj\u00f6, Schweden, hergestellt und bestehen aus geschnittenem und gebogenem Stahlblech, das mit einem schwarzen, strapazierf\u00e4higen Pulverlack behandelt wurde. Die Ma\u00dfe betragen 15\u00d715 cm f\u00fcr die Portr\u00e4ts und 10\u00d715 cm f\u00fcr die Bodenplatte.<\/span><\/p>\n","protected":false},"excerpt":{"rendered":"<p>Toni Morrison (1931\u20132019) ist eine der bedeutendsten Autorinnen des 20. Jahrhunderts.\u00a0 Geboren in Lorain, Ohio, studierte sie an der Cornell University und wurde Professorin f\u00fcr afroamerikanische Literatur in Princeton. Ihre Romane erhielten zahlreiche Preise, darunter den Pulitzer-Preis 1987 und den Nobelpreis f\u00fcr Literatur, den sie als erste afroamerikanische Frau erhielt.\u00a0 Zu ihren bedeutendsten Werken z\u00e4hlen [&#8230;]\n","protected":false},"featured_media":1302864,"template":"","meta":[],"product_brand":[],"product_cat":[98,104],"product_tag":[],"class_list":{"0":"post-87732","1":"product","2":"type-product","3":"status-publish","4":"has-post-thumbnail","6":"product_cat-buchstutzen","7":"product_cat-alskade-bokstod","9":"first","10":"instock","11":"shipping-taxable","12":"product-type-simple"},"yoast_head":"<!-- This site is optimized with the Yoast SEO plugin v27.3 - https:\/\/yoast.com\/product\/yoast-seo-wordpress\/ -->\n<title>Toni Morrison - NOVELLIX<\/title>\n<meta name=\"robots\" content=\"index, follow, max-snippet:-1, max-image-preview:large, max-video-preview:-1\" \/>\n<link rel=\"canonical\" href=\"https:\/\/novellix.com\/de\/produkt\/bokstod-toni-morrison\/\" \/>\n<meta property=\"og:locale\" content=\"de_DE\" \/>\n<meta property=\"og:type\" content=\"article\" \/>\n<meta property=\"og:title\" content=\"Toni Morrison - NOVELLIX\" \/>\n<meta property=\"og:description\" content=\"Toni Morrison (1931\u20132019) ist eine der bedeutendsten Autorinnen des 20. Jahrhunderts.\u00a0 Geboren in Lorain, Ohio, studierte sie an der Cornell University und wurde Professorin f\u00fcr afroamerikanische Literatur in Princeton. Ihre Romane erhielten zahlreiche Preise, darunter den Pulitzer-Preis 1987 und den Nobelpreis f\u00fcr Literatur, den sie als erste afroamerikanische Frau erhielt.\u00a0 Zu ihren bedeutendsten Werken z\u00e4hlen [...]\" \/>\n<meta property=\"og:url\" content=\"https:\/\/novellix.com\/de\/produkt\/bokstod-toni-morrison\/\" \/>\n<meta property=\"og:site_name\" content=\"NOVELLIX\" \/>\n<meta property=\"article:modified_time\" content=\"2024-02-28T08:47:13+00:00\" \/>\n<meta property=\"og:image\" content=\"https:\/\/novellix.com\/de\/wp-content\/uploads\/sites\/2\/2023\/12\/morrison-731x1030-1.webp\" \/>\n\t<meta property=\"og:image:width\" content=\"731\" \/>\n\t<meta property=\"og:image:height\" content=\"1030\" \/>\n\t<meta property=\"og:image:type\" content=\"image\/webp\" \/>\n<meta name=\"twitter:card\" content=\"summary_large_image\" \/>\n<meta name=\"twitter:label1\" content=\"Gesch\u00e4tzte Lesezeit\" \/>\n\t<meta name=\"twitter:data1\" content=\"1\u00a0Minute\" \/>\n<script type=\"application\/ld+json\" class=\"yoast-schema-graph\">{\"@context\":\"https:\\\/\\\/schema.org\",\"@graph\":[{\"@type\":\"WebPage\",\"@id\":\"https:\\\/\\\/novellix.com\\\/de\\\/produkt\\\/bokstod-toni-morrison\\\/\",\"url\":\"https:\\\/\\\/novellix.com\\\/de\\\/produkt\\\/bokstod-toni-morrison\\\/\",\"name\":\"Toni Morrison - NOVELLIX\",\"isPartOf\":{\"@id\":\"https:\\\/\\\/novellix.com\\\/de\\\/#website\"},\"primaryImageOfPage\":{\"@id\":\"https:\\\/\\\/novellix.com\\\/de\\\/produkt\\\/bokstod-toni-morrison\\\/#primaryimage\"},\"image\":{\"@id\":\"https:\\\/\\\/novellix.com\\\/de\\\/produkt\\\/bokstod-toni-morrison\\\/#primaryimage\"},\"thumbnailUrl\":\"https:\\\/\\\/novellix.com\\\/de\\\/wp-content\\\/uploads\\\/sites\\\/2\\\/2023\\\/12\\\/morrison-731x1030-1.webp\",\"datePublished\":\"2023-12-10T22:41:33+00:00\",\"dateModified\":\"2024-02-28T08:47:13+00:00\",\"breadcrumb\":{\"@id\":\"https:\\\/\\\/novellix.com\\\/de\\\/produkt\\\/bokstod-toni-morrison\\\/#breadcrumb\"},\"inLanguage\":\"de\",\"potentialAction\":[{\"@type\":\"ReadAction\",\"target\":[\"https:\\\/\\\/novellix.com\\\/de\\\/produkt\\\/bokstod-toni-morrison\\\/\"]}]},{\"@type\":\"ImageObject\",\"inLanguage\":\"de\",\"@id\":\"https:\\\/\\\/novellix.com\\\/de\\\/produkt\\\/bokstod-toni-morrison\\\/#primaryimage\",\"url\":\"https:\\\/\\\/novellix.com\\\/de\\\/wp-content\\\/uploads\\\/sites\\\/2\\\/2023\\\/12\\\/morrison-731x1030-1.webp\",\"contentUrl\":\"https:\\\/\\\/novellix.com\\\/de\\\/wp-content\\\/uploads\\\/sites\\\/2\\\/2023\\\/12\\\/morrison-731x1030-1.webp\",\"width\":731,\"height\":1030,\"caption\":\"toni morrison\"},{\"@type\":\"BreadcrumbList\",\"@id\":\"https:\\\/\\\/novellix.com\\\/de\\\/produkt\\\/bokstod-toni-morrison\\\/#breadcrumb\",\"itemListElement\":[{\"@type\":\"ListItem\",\"position\":1,\"name\":\"Shop\",\"item\":\"https:\\\/\\\/novellix.com\\\/de\\\/shop\\\/\"},{\"@type\":\"ListItem\",\"position\":2,\"name\":\"Toni Morrison\"}]},{\"@type\":\"WebSite\",\"@id\":\"https:\\\/\\\/novellix.com\\\/de\\\/#website\",\"url\":\"https:\\\/\\\/novellix.com\\\/de\\\/\",\"name\":\"NOVELLIX\",\"description\":\"\",\"potentialAction\":[{\"@type\":\"SearchAction\",\"target\":{\"@type\":\"EntryPoint\",\"urlTemplate\":\"https:\\\/\\\/novellix.com\\\/de\\\/?s={search_term_string}\"},\"query-input\":{\"@type\":\"PropertyValueSpecification\",\"valueRequired\":true,\"valueName\":\"search_term_string\"}}],\"inLanguage\":\"de\"}]}<\/script>\n<!-- \/ Yoast SEO plugin. -->","yoast_head_json":{"title":"Toni Morrison - NOVELLIX","robots":{"index":"index","follow":"follow","max-snippet":"max-snippet:-1","max-image-preview":"max-image-preview:large","max-video-preview":"max-video-preview:-1"},"canonical":"https:\/\/novellix.com\/de\/produkt\/bokstod-toni-morrison\/","og_locale":"de_DE","og_type":"article","og_title":"Toni Morrison - NOVELLIX","og_description":"Toni Morrison (1931\u20132019) ist eine der bedeutendsten Autorinnen des 20. Jahrhunderts.\u00a0 Geboren in Lorain, Ohio, studierte sie an der Cornell University und wurde Professorin f\u00fcr afroamerikanische Literatur in Princeton. Ihre Romane erhielten zahlreiche Preise, darunter den Pulitzer-Preis 1987 und den Nobelpreis f\u00fcr Literatur, den sie als erste afroamerikanische Frau erhielt.\u00a0 Zu ihren bedeutendsten Werken z\u00e4hlen [...]","og_url":"https:\/\/novellix.com\/de\/produkt\/bokstod-toni-morrison\/","og_site_name":"NOVELLIX","article_modified_time":"2024-02-28T08:47:13+00:00","og_image":[{"width":731,"height":1030,"url":"https:\/\/novellix.com\/de\/wp-content\/uploads\/sites\/2\/2023\/12\/morrison-731x1030-1.webp","type":"image\/webp"}],"twitter_card":"summary_large_image","twitter_misc":{"Gesch\u00e4tzte Lesezeit":"1\u00a0Minute"},"schema":{"@context":"https:\/\/schema.org","@graph":[{"@type":"WebPage","@id":"https:\/\/novellix.com\/de\/produkt\/bokstod-toni-morrison\/","url":"https:\/\/novellix.com\/de\/produkt\/bokstod-toni-morrison\/","name":"Toni Morrison - NOVELLIX","isPartOf":{"@id":"https:\/\/novellix.com\/de\/#website"},"primaryImageOfPage":{"@id":"https:\/\/novellix.com\/de\/produkt\/bokstod-toni-morrison\/#primaryimage"},"image":{"@id":"https:\/\/novellix.com\/de\/produkt\/bokstod-toni-morrison\/#primaryimage"},"thumbnailUrl":"https:\/\/novellix.com\/de\/wp-content\/uploads\/sites\/2\/2023\/12\/morrison-731x1030-1.webp","datePublished":"2023-12-10T22:41:33+00:00","dateModified":"2024-02-28T08:47:13+00:00","breadcrumb":{"@id":"https:\/\/novellix.com\/de\/produkt\/bokstod-toni-morrison\/#breadcrumb"},"inLanguage":"de","potentialAction":[{"@type":"ReadAction","target":["https:\/\/novellix.com\/de\/produkt\/bokstod-toni-morrison\/"]}]},{"@type":"ImageObject","inLanguage":"de","@id":"https:\/\/novellix.com\/de\/produkt\/bokstod-toni-morrison\/#primaryimage","url":"https:\/\/novellix.com\/de\/wp-content\/uploads\/sites\/2\/2023\/12\/morrison-731x1030-1.webp","contentUrl":"https:\/\/novellix.com\/de\/wp-content\/uploads\/sites\/2\/2023\/12\/morrison-731x1030-1.webp","width":731,"height":1030,"caption":"toni morrison"},{"@type":"BreadcrumbList","@id":"https:\/\/novellix.com\/de\/produkt\/bokstod-toni-morrison\/#breadcrumb","itemListElement":[{"@type":"ListItem","position":1,"name":"Shop","item":"https:\/\/novellix.com\/de\/shop\/"},{"@type":"ListItem","position":2,"name":"Toni Morrison"}]},{"@type":"WebSite","@id":"https:\/\/novellix.com\/de\/#website","url":"https:\/\/novellix.com\/de\/","name":"NOVELLIX","description":"","potentialAction":[{"@type":"SearchAction","target":{"@type":"EntryPoint","urlTemplate":"https:\/\/novellix.com\/de\/?s={search_term_string}"},"query-input":{"@type":"PropertyValueSpecification","valueRequired":true,"valueName":"search_term_string"}}],"inLanguage":"de"}]}},"_links":{"self":[{"href":"https:\/\/novellix.com\/de\/wp-json\/wp\/v2\/product\/87732","targetHints":{"allow":["GET"]}}],"collection":[{"href":"https:\/\/novellix.com\/de\/wp-json\/wp\/v2\/product"}],"about":[{"href":"https:\/\/novellix.com\/de\/wp-json\/wp\/v2\/types\/product"}],"wp:featuredmedia":[{"embeddable":true,"href":"https:\/\/novellix.com\/de\/wp-json\/wp\/v2\/media\/1302864"}],"wp:attachment":[{"href":"https:\/\/novellix.com\/de\/wp-json\/wp\/v2\/media?parent=87732"}],"wp:term":[{"taxonomy":"product_brand","embeddable":true,"href":"https:\/\/novellix.com\/de\/wp-json\/wp\/v2\/product_brand?post=87732"},{"taxonomy":"product_cat","embeddable":true,"href":"https:\/\/novellix.com\/de\/wp-json\/wp\/v2\/product_cat?post=87732"},{"taxonomy":"product_tag","embeddable":true,"href":"https:\/\/novellix.com\/de\/wp-json\/wp\/v2\/product_tag?post=87732"}],"curies":[{"name":"wp","href":"https:\/\/api.w.org\/{rel}","templated":true}]}}