{"id":87735,"date":"2023-12-10T22:41:33","date_gmt":"2023-12-10T22:41:33","guid":{"rendered":"http:\/\/novellix.se\/?post_type=product&#038;p=87735"},"modified":"2024-02-28T08:46:12","modified_gmt":"2024-02-28T08:46:12","slug":"bokstod-jane-austen","status":"publish","type":"product","link":"https:\/\/novellix.com\/de\/produkt\/bokstod-jane-austen\/","title":{"rendered":"Jane Austen"},"content":{"rendered":"<h4><span style=\"font-weight: 400;\">Jane Austen (1775-1817) <\/span><span style=\"font-weight: 400;\">wurde in Steventon (Hampshire) geboren. Mit sieben Geschwistern wuchs sie im dortigen Pfarrhaus auf, zu Hause unterrichtet von ihrem Vater, der ihre literarischen Neigungen f\u00f6rderte. Viele ihrer Romane wie \u201cStolz und Vorurteil\u201d oder \u201cVerstand und Gef\u00fchl\u201d <\/span><span style=\"font-weight: 400;\">d\u00fcrften den meisten Menschen durch die Verfilmungen, die im Laufe der Jahre entstanden sind, ein Begriff sein. Die romantischen Liebesgeschichten haben die Herzen vieler Menschen erobert; in den Filmen gehen Austens ausgefeilte Sozialkritik und ihre antipatriarchalische Haltung jedoch oft verloren. Beides zeigt sich in ihren Texten: Sie sind von Ironie und unterschwelliger Kritik an den gesellschaftlichen Konventionen der Aristokratie durchdrungen, die die Figuren \u2013 meist Frauen \u2013 in ihrem Streben nach Liebe und Gl\u00fcck behindern. Austen gelingt es, Gesellschaftskritik mit <\/span><span style=\"font-weight: 400;\">der Geschichte vom romantischen Schicksal unverwechselbarer Heldinnen zu paaren. Heute z\u00e4hlt sie zu den einflussreichsten und meist gelesenen Autorinnen der englischen Literaturgeschichte.<\/span><\/h4>\n<p><span style=\"font-weight: 400;\">D<\/span><span style=\"font-weight: 400;\">er Industriedesigner Jan Landqvist steht f\u00fcr die Idee und das Design der Novellix-Buchst\u00fctzen. Die Buchst\u00fctzen werden in der schwedischen Region Gnosj\u00f6 hergestellt und bestehen aus geschnittenem und gebogenem Stahlblech, das mit einem schwarzen, strapazierf\u00e4higen Pulverlack behandelt wurde. Die Ma\u00dfe betragen 15\u00d715 cm f\u00fcr die Portr\u00e4ts und 10\u00d715 cm f\u00fcr die Bodenplatte.<\/span><\/p>\n","protected":false},"excerpt":{"rendered":"<p>Jane Austen (1775-1817) wurde in Steventon (Hampshire) geboren. Mit sieben Geschwistern wuchs sie im dortigen Pfarrhaus auf, zu Hause unterrichtet von ihrem Vater, der ihre literarischen Neigungen f\u00f6rderte. Viele ihrer Romane wie \u201cStolz und Vorurteil\u201d oder \u201cVerstand und Gef\u00fchl\u201d d\u00fcrften den meisten Menschen durch die Verfilmungen, die im Laufe der Jahre entstanden sind, ein Begriff [&#8230;]\n","protected":false},"featured_media":1302862,"template":"","meta":[],"product_brand":[],"product_cat":[98,105,84],"product_tag":[],"class_list":{"0":"post-87735","1":"product","2":"type-product","3":"status-publish","4":"has-post-thumbnail","6":"product_cat-buchstutzen","7":"product_cat-engelska","8":"product_cat-paket-och-presenttips","10":"first","11":"instock","12":"shipping-taxable","13":"product-type-simple"},"yoast_head":"<!-- This site is optimized with the Yoast SEO plugin v27.3 - https:\/\/yoast.com\/product\/yoast-seo-wordpress\/ -->\n<title>Jane Austen - NOVELLIX<\/title>\n<meta name=\"robots\" content=\"index, follow, max-snippet:-1, max-image-preview:large, max-video-preview:-1\" \/>\n<link rel=\"canonical\" href=\"https:\/\/novellix.com\/de\/produkt\/bokstod-jane-austen\/\" \/>\n<meta property=\"og:locale\" content=\"de_DE\" \/>\n<meta property=\"og:type\" content=\"article\" \/>\n<meta property=\"og:title\" content=\"Jane Austen - NOVELLIX\" \/>\n<meta property=\"og:description\" content=\"Jane Austen (1775-1817) wurde in Steventon (Hampshire) geboren. Mit sieben Geschwistern wuchs sie im dortigen Pfarrhaus auf, zu Hause unterrichtet von ihrem Vater, der ihre literarischen Neigungen f\u00f6rderte. Viele ihrer Romane wie \u201cStolz und Vorurteil\u201d oder \u201cVerstand und Gef\u00fchl\u201d d\u00fcrften den meisten Menschen durch die Verfilmungen, die im Laufe der Jahre entstanden sind, ein Begriff [...]\" \/>\n<meta property=\"og:url\" content=\"https:\/\/novellix.com\/de\/produkt\/bokstod-jane-austen\/\" \/>\n<meta property=\"og:site_name\" content=\"NOVELLIX\" \/>\n<meta property=\"article:modified_time\" content=\"2024-02-28T08:46:12+00:00\" \/>\n<meta property=\"og:image\" content=\"https:\/\/novellix.com\/de\/wp-content\/uploads\/sites\/2\/2023\/12\/austen-731x1030-1.webp\" \/>\n\t<meta property=\"og:image:width\" content=\"731\" \/>\n\t<meta property=\"og:image:height\" content=\"1030\" \/>\n\t<meta property=\"og:image:type\" content=\"image\/webp\" \/>\n<meta name=\"twitter:card\" content=\"summary_large_image\" \/>\n<meta name=\"twitter:label1\" content=\"Gesch\u00e4tzte Lesezeit\" \/>\n\t<meta name=\"twitter:data1\" content=\"1\u00a0Minute\" \/>\n<script type=\"application\/ld+json\" class=\"yoast-schema-graph\">{\"@context\":\"https:\\\/\\\/schema.org\",\"@graph\":[{\"@type\":\"WebPage\",\"@id\":\"https:\\\/\\\/novellix.com\\\/de\\\/produkt\\\/bokstod-jane-austen\\\/\",\"url\":\"https:\\\/\\\/novellix.com\\\/de\\\/produkt\\\/bokstod-jane-austen\\\/\",\"name\":\"Jane Austen - NOVELLIX\",\"isPartOf\":{\"@id\":\"https:\\\/\\\/novellix.com\\\/de\\\/#website\"},\"primaryImageOfPage\":{\"@id\":\"https:\\\/\\\/novellix.com\\\/de\\\/produkt\\\/bokstod-jane-austen\\\/#primaryimage\"},\"image\":{\"@id\":\"https:\\\/\\\/novellix.com\\\/de\\\/produkt\\\/bokstod-jane-austen\\\/#primaryimage\"},\"thumbnailUrl\":\"https:\\\/\\\/novellix.com\\\/de\\\/wp-content\\\/uploads\\\/sites\\\/2\\\/2023\\\/12\\\/austen-731x1030-1.webp\",\"datePublished\":\"2023-12-10T22:41:33+00:00\",\"dateModified\":\"2024-02-28T08:46:12+00:00\",\"breadcrumb\":{\"@id\":\"https:\\\/\\\/novellix.com\\\/de\\\/produkt\\\/bokstod-jane-austen\\\/#breadcrumb\"},\"inLanguage\":\"de\",\"potentialAction\":[{\"@type\":\"ReadAction\",\"target\":[\"https:\\\/\\\/novellix.com\\\/de\\\/produkt\\\/bokstod-jane-austen\\\/\"]}]},{\"@type\":\"ImageObject\",\"inLanguage\":\"de\",\"@id\":\"https:\\\/\\\/novellix.com\\\/de\\\/produkt\\\/bokstod-jane-austen\\\/#primaryimage\",\"url\":\"https:\\\/\\\/novellix.com\\\/de\\\/wp-content\\\/uploads\\\/sites\\\/2\\\/2023\\\/12\\\/austen-731x1030-1.webp\",\"contentUrl\":\"https:\\\/\\\/novellix.com\\\/de\\\/wp-content\\\/uploads\\\/sites\\\/2\\\/2023\\\/12\\\/austen-731x1030-1.webp\",\"width\":731,\"height\":1030,\"caption\":\"jane austen\"},{\"@type\":\"BreadcrumbList\",\"@id\":\"https:\\\/\\\/novellix.com\\\/de\\\/produkt\\\/bokstod-jane-austen\\\/#breadcrumb\",\"itemListElement\":[{\"@type\":\"ListItem\",\"position\":1,\"name\":\"Shop\",\"item\":\"https:\\\/\\\/novellix.com\\\/de\\\/shop\\\/\"},{\"@type\":\"ListItem\",\"position\":2,\"name\":\"Jane Austen\"}]},{\"@type\":\"WebSite\",\"@id\":\"https:\\\/\\\/novellix.com\\\/de\\\/#website\",\"url\":\"https:\\\/\\\/novellix.com\\\/de\\\/\",\"name\":\"NOVELLIX\",\"description\":\"\",\"potentialAction\":[{\"@type\":\"SearchAction\",\"target\":{\"@type\":\"EntryPoint\",\"urlTemplate\":\"https:\\\/\\\/novellix.com\\\/de\\\/?s={search_term_string}\"},\"query-input\":{\"@type\":\"PropertyValueSpecification\",\"valueRequired\":true,\"valueName\":\"search_term_string\"}}],\"inLanguage\":\"de\"}]}<\/script>\n<!-- \/ Yoast SEO plugin. -->","yoast_head_json":{"title":"Jane Austen - NOVELLIX","robots":{"index":"index","follow":"follow","max-snippet":"max-snippet:-1","max-image-preview":"max-image-preview:large","max-video-preview":"max-video-preview:-1"},"canonical":"https:\/\/novellix.com\/de\/produkt\/bokstod-jane-austen\/","og_locale":"de_DE","og_type":"article","og_title":"Jane Austen - NOVELLIX","og_description":"Jane Austen (1775-1817) wurde in Steventon (Hampshire) geboren. Mit sieben Geschwistern wuchs sie im dortigen Pfarrhaus auf, zu Hause unterrichtet von ihrem Vater, der ihre literarischen Neigungen f\u00f6rderte. Viele ihrer Romane wie \u201cStolz und Vorurteil\u201d oder \u201cVerstand und Gef\u00fchl\u201d d\u00fcrften den meisten Menschen durch die Verfilmungen, die im Laufe der Jahre entstanden sind, ein Begriff [...]","og_url":"https:\/\/novellix.com\/de\/produkt\/bokstod-jane-austen\/","og_site_name":"NOVELLIX","article_modified_time":"2024-02-28T08:46:12+00:00","og_image":[{"width":731,"height":1030,"url":"https:\/\/novellix.com\/de\/wp-content\/uploads\/sites\/2\/2023\/12\/austen-731x1030-1.webp","type":"image\/webp"}],"twitter_card":"summary_large_image","twitter_misc":{"Gesch\u00e4tzte Lesezeit":"1\u00a0Minute"},"schema":{"@context":"https:\/\/schema.org","@graph":[{"@type":"WebPage","@id":"https:\/\/novellix.com\/de\/produkt\/bokstod-jane-austen\/","url":"https:\/\/novellix.com\/de\/produkt\/bokstod-jane-austen\/","name":"Jane Austen - NOVELLIX","isPartOf":{"@id":"https:\/\/novellix.com\/de\/#website"},"primaryImageOfPage":{"@id":"https:\/\/novellix.com\/de\/produkt\/bokstod-jane-austen\/#primaryimage"},"image":{"@id":"https:\/\/novellix.com\/de\/produkt\/bokstod-jane-austen\/#primaryimage"},"thumbnailUrl":"https:\/\/novellix.com\/de\/wp-content\/uploads\/sites\/2\/2023\/12\/austen-731x1030-1.webp","datePublished":"2023-12-10T22:41:33+00:00","dateModified":"2024-02-28T08:46:12+00:00","breadcrumb":{"@id":"https:\/\/novellix.com\/de\/produkt\/bokstod-jane-austen\/#breadcrumb"},"inLanguage":"de","potentialAction":[{"@type":"ReadAction","target":["https:\/\/novellix.com\/de\/produkt\/bokstod-jane-austen\/"]}]},{"@type":"ImageObject","inLanguage":"de","@id":"https:\/\/novellix.com\/de\/produkt\/bokstod-jane-austen\/#primaryimage","url":"https:\/\/novellix.com\/de\/wp-content\/uploads\/sites\/2\/2023\/12\/austen-731x1030-1.webp","contentUrl":"https:\/\/novellix.com\/de\/wp-content\/uploads\/sites\/2\/2023\/12\/austen-731x1030-1.webp","width":731,"height":1030,"caption":"jane austen"},{"@type":"BreadcrumbList","@id":"https:\/\/novellix.com\/de\/produkt\/bokstod-jane-austen\/#breadcrumb","itemListElement":[{"@type":"ListItem","position":1,"name":"Shop","item":"https:\/\/novellix.com\/de\/shop\/"},{"@type":"ListItem","position":2,"name":"Jane Austen"}]},{"@type":"WebSite","@id":"https:\/\/novellix.com\/de\/#website","url":"https:\/\/novellix.com\/de\/","name":"NOVELLIX","description":"","potentialAction":[{"@type":"SearchAction","target":{"@type":"EntryPoint","urlTemplate":"https:\/\/novellix.com\/de\/?s={search_term_string}"},"query-input":{"@type":"PropertyValueSpecification","valueRequired":true,"valueName":"search_term_string"}}],"inLanguage":"de"}]}},"_links":{"self":[{"href":"https:\/\/novellix.com\/de\/wp-json\/wp\/v2\/product\/87735","targetHints":{"allow":["GET"]}}],"collection":[{"href":"https:\/\/novellix.com\/de\/wp-json\/wp\/v2\/product"}],"about":[{"href":"https:\/\/novellix.com\/de\/wp-json\/wp\/v2\/types\/product"}],"wp:featuredmedia":[{"embeddable":true,"href":"https:\/\/novellix.com\/de\/wp-json\/wp\/v2\/media\/1302862"}],"wp:attachment":[{"href":"https:\/\/novellix.com\/de\/wp-json\/wp\/v2\/media?parent=87735"}],"wp:term":[{"taxonomy":"product_brand","embeddable":true,"href":"https:\/\/novellix.com\/de\/wp-json\/wp\/v2\/product_brand?post=87735"},{"taxonomy":"product_cat","embeddable":true,"href":"https:\/\/novellix.com\/de\/wp-json\/wp\/v2\/product_cat?post=87735"},{"taxonomy":"product_tag","embeddable":true,"href":"https:\/\/novellix.com\/de\/wp-json\/wp\/v2\/product_tag?post=87735"}],"curies":[{"name":"wp","href":"https:\/\/api.w.org\/{rel}","templated":true}]}}