{"id":87736,"date":"2023-12-10T22:41:33","date_gmt":"2023-12-10T22:41:33","guid":{"rendered":"http:\/\/novellix.se\/?post_type=product&#038;p=87736"},"modified":"2024-06-10T06:59:14","modified_gmt":"2024-06-10T06:59:14","slug":"bokstod-oscar-wilde","status":"publish","type":"product","link":"https:\/\/novellix.com\/de\/produkt\/bokstod-oscar-wilde\/","title":{"rendered":"Oscar Wilde"},"content":{"rendered":"<p><a href=\"https:\/\/novellix.se\/portfolio-item\/oscar-wilde\/\">Oscar Wilde (1854-1900)<\/a> var en irl\u00e4ndsk f\u00f6rfattare och samh\u00e4llssatiriker som idag kanske mest \u00e4r k\u00e4nd f\u00f6r<i> Dorian Grays portr\u00e4tt<\/i>, romanen om en ung man som s\u00e4ljer sin sj\u00e4l f\u00f6r att f\u00e5 evig ungdom. N\u00e4r den f\u00f6rst publicerades 1890 ans\u00e5gs den vara djupt omoralisk och fick ta emot h\u00e5rd kritik. Det var f\u00f6rst flera \u00e5r senare texten kom att betraktas som och uppskattas f\u00f6r sin kritik av samh\u00e4llets f\u00e5f\u00e4nga och ytlighet. Under sin levnadstid var Wilde ist\u00e4llet mest k\u00e4nd f\u00f6r sina pj\u00e4ser, men till hans mer k\u00e4nda prosaverk h\u00f6r kortromanen <i>Sp\u00f6ket p\u00e5 Canterville <\/i>(1887). \u00c5r 1895 d\u00f6mdes Wilde till tv\u00e5 \u00e5rs f\u00e4ngelse f\u00f6r homosexualitet. Hans pj\u00e4ser lades ner, hans b\u00f6cker bojkottades och ett par \u00e5r efter f\u00e4ngelse\u00adtidens slut dog han, ensam och utfattig, p\u00e5 H\u00f4tel d\u2019Alsace i Paris.<\/p>\n<p>Industridesignern <b>Jan Landqvist <\/b>st\u00e5r f\u00f6r id\u00e9 och design av Novellix bokst\u00f6d. Bokst\u00f6den g\u00f6rs i sm\u00e5l\u00e4ndska Gnosj\u00f6 och \u00e4r tillverkade i utskuren och bockad st\u00e5lpl\u00e5t som har behandlats med en svart, h\u00e5llbar pulverlack. M\u00e5tten \u00e4r 15\u00d715 cm f\u00f6r portr\u00e4tten och 10\u00d715 cm f\u00f6r bottenplattan.<\/p>\n<p><a href=\"https:\/\/novellix.se\/om-bokstoden\/\">H\u00e4r<\/a> kan du l\u00e4sa mer om Jan Landqvist och historien bakom bokst\u00f6den. Vill du ha ett liknande bokst\u00f6d men med en annan f\u00f6rfattare? <a href=\"https:\/\/novellix.se\/butiken\/bokstod\/\">H\u00e4r hittar du hela v\u00e5rt sortiment!<\/a><\/p>\n<p><strong>Oscar Wilde i Novellix utgivning<\/strong><\/p>\n<p>I Novellix-asken<a href=\"https:\/\/novellix.se\/produkt\/fyra-noveller-om-karlek-2\/\"> <i>K\u00e4rlek<\/i><\/a> finns en volym d\u00e4r d\u00e4r tv\u00e5 av Wildes noveller \u00e4r samlade: <a href=\"https:\/\/novellix.se\/produkt\/naktergalen-och-rosen-lady-alroy\/\"><em>N\u00e4ktergalen och rosen<\/em> &amp; <em>Lady Alroy<\/em><\/a>. Dessa finns \u00e4ven p\u00e5 originalspr\u00e5k i asken<em><a href=\"https:\/\/novellix.se\/produkt\/love-stories\/\"> Love Stories<\/a><\/em> eller som <a href=\"https:\/\/novellix.se\/produkt\/the-nightingale-and-the-rose-and-the-sphinx-without-a-secret\/\">singel<\/a> h\u00e4r.<\/p>\n<p>&nbsp;<\/p>\n","protected":false},"excerpt":{"rendered":"<p>Oscar Wilde (1854-1900) var en irl\u00e4ndsk f\u00f6rfattare och samh\u00e4llssatiriker som idag kanske mest \u00e4r k\u00e4nd f\u00f6r Dorian Grays portr\u00e4tt, romanen om en ung man som s\u00e4ljer sin sj\u00e4l f\u00f6r att f\u00e5 evig ungdom. N\u00e4r den f\u00f6rst publicerades 1890 ans\u00e5gs den vara djupt omoralisk och fick ta emot h\u00e5rd kritik. Det var f\u00f6rst flera \u00e5r senare [&#8230;]\n","protected":false},"featured_media":1302861,"template":"","meta":[],"product_brand":[],"product_cat":[98,104],"product_tag":[],"class_list":{"0":"post-87736","1":"product","2":"type-product","3":"status-publish","4":"has-post-thumbnail","6":"product_cat-buchstutzen","7":"product_cat-alskade-bokstod","9":"first","10":"instock","11":"shipping-taxable","12":"product-type-simple"},"yoast_head":"<!-- This site is optimized with the Yoast SEO plugin v27.3 - https:\/\/yoast.com\/product\/yoast-seo-wordpress\/ -->\n<title>Oscar Wilde - NOVELLIX<\/title>\n<meta name=\"robots\" content=\"index, follow, max-snippet:-1, max-image-preview:large, max-video-preview:-1\" \/>\n<link rel=\"canonical\" href=\"https:\/\/novellix.com\/de\/produkt\/bokstod-oscar-wilde\/\" \/>\n<meta property=\"og:locale\" content=\"de_DE\" \/>\n<meta property=\"og:type\" content=\"article\" \/>\n<meta property=\"og:title\" content=\"Oscar Wilde - NOVELLIX\" \/>\n<meta property=\"og:description\" content=\"Oscar Wilde (1854-1900) var en irl\u00e4ndsk f\u00f6rfattare och samh\u00e4llssatiriker som idag kanske mest \u00e4r k\u00e4nd f\u00f6r Dorian Grays portr\u00e4tt, romanen om en ung man som s\u00e4ljer sin sj\u00e4l f\u00f6r att f\u00e5 evig ungdom. N\u00e4r den f\u00f6rst publicerades 1890 ans\u00e5gs den vara djupt omoralisk och fick ta emot h\u00e5rd kritik. Det var f\u00f6rst flera \u00e5r senare [...]\" \/>\n<meta property=\"og:url\" content=\"https:\/\/novellix.com\/de\/produkt\/bokstod-oscar-wilde\/\" \/>\n<meta property=\"og:site_name\" content=\"NOVELLIX\" \/>\n<meta property=\"article:modified_time\" content=\"2024-06-10T06:59:14+00:00\" \/>\n<meta property=\"og:image\" content=\"https:\/\/novellix.com\/de\/wp-content\/uploads\/sites\/2\/2023\/12\/wilde-731x1030-1.webp\" \/>\n\t<meta property=\"og:image:width\" content=\"731\" \/>\n\t<meta property=\"og:image:height\" content=\"1030\" \/>\n\t<meta property=\"og:image:type\" content=\"image\/webp\" \/>\n<meta name=\"twitter:card\" content=\"summary_large_image\" \/>\n<meta name=\"twitter:label1\" content=\"Gesch\u00e4tzte Lesezeit\" \/>\n\t<meta name=\"twitter:data1\" content=\"1\u00a0Minute\" \/>\n<script type=\"application\/ld+json\" class=\"yoast-schema-graph\">{\"@context\":\"https:\\\/\\\/schema.org\",\"@graph\":[{\"@type\":\"WebPage\",\"@id\":\"https:\\\/\\\/novellix.com\\\/de\\\/produkt\\\/bokstod-oscar-wilde\\\/\",\"url\":\"https:\\\/\\\/novellix.com\\\/de\\\/produkt\\\/bokstod-oscar-wilde\\\/\",\"name\":\"Oscar Wilde - NOVELLIX\",\"isPartOf\":{\"@id\":\"https:\\\/\\\/novellix.com\\\/de\\\/#website\"},\"primaryImageOfPage\":{\"@id\":\"https:\\\/\\\/novellix.com\\\/de\\\/produkt\\\/bokstod-oscar-wilde\\\/#primaryimage\"},\"image\":{\"@id\":\"https:\\\/\\\/novellix.com\\\/de\\\/produkt\\\/bokstod-oscar-wilde\\\/#primaryimage\"},\"thumbnailUrl\":\"https:\\\/\\\/novellix.com\\\/de\\\/wp-content\\\/uploads\\\/sites\\\/2\\\/2023\\\/12\\\/wilde-731x1030-1.webp\",\"datePublished\":\"2023-12-10T22:41:33+00:00\",\"dateModified\":\"2024-06-10T06:59:14+00:00\",\"breadcrumb\":{\"@id\":\"https:\\\/\\\/novellix.com\\\/de\\\/produkt\\\/bokstod-oscar-wilde\\\/#breadcrumb\"},\"inLanguage\":\"de\",\"potentialAction\":[{\"@type\":\"ReadAction\",\"target\":[\"https:\\\/\\\/novellix.com\\\/de\\\/produkt\\\/bokstod-oscar-wilde\\\/\"]}]},{\"@type\":\"ImageObject\",\"inLanguage\":\"de\",\"@id\":\"https:\\\/\\\/novellix.com\\\/de\\\/produkt\\\/bokstod-oscar-wilde\\\/#primaryimage\",\"url\":\"https:\\\/\\\/novellix.com\\\/de\\\/wp-content\\\/uploads\\\/sites\\\/2\\\/2023\\\/12\\\/wilde-731x1030-1.webp\",\"contentUrl\":\"https:\\\/\\\/novellix.com\\\/de\\\/wp-content\\\/uploads\\\/sites\\\/2\\\/2023\\\/12\\\/wilde-731x1030-1.webp\",\"width\":731,\"height\":1030,\"caption\":\"oscar wilde\"},{\"@type\":\"BreadcrumbList\",\"@id\":\"https:\\\/\\\/novellix.com\\\/de\\\/produkt\\\/bokstod-oscar-wilde\\\/#breadcrumb\",\"itemListElement\":[{\"@type\":\"ListItem\",\"position\":1,\"name\":\"Shop\",\"item\":\"https:\\\/\\\/novellix.com\\\/de\\\/shop\\\/\"},{\"@type\":\"ListItem\",\"position\":2,\"name\":\"Oscar Wilde\"}]},{\"@type\":\"WebSite\",\"@id\":\"https:\\\/\\\/novellix.com\\\/de\\\/#website\",\"url\":\"https:\\\/\\\/novellix.com\\\/de\\\/\",\"name\":\"NOVELLIX\",\"description\":\"\",\"potentialAction\":[{\"@type\":\"SearchAction\",\"target\":{\"@type\":\"EntryPoint\",\"urlTemplate\":\"https:\\\/\\\/novellix.com\\\/de\\\/?s={search_term_string}\"},\"query-input\":{\"@type\":\"PropertyValueSpecification\",\"valueRequired\":true,\"valueName\":\"search_term_string\"}}],\"inLanguage\":\"de\"}]}<\/script>\n<!-- \/ Yoast SEO plugin. -->","yoast_head_json":{"title":"Oscar Wilde - NOVELLIX","robots":{"index":"index","follow":"follow","max-snippet":"max-snippet:-1","max-image-preview":"max-image-preview:large","max-video-preview":"max-video-preview:-1"},"canonical":"https:\/\/novellix.com\/de\/produkt\/bokstod-oscar-wilde\/","og_locale":"de_DE","og_type":"article","og_title":"Oscar Wilde - NOVELLIX","og_description":"Oscar Wilde (1854-1900) var en irl\u00e4ndsk f\u00f6rfattare och samh\u00e4llssatiriker som idag kanske mest \u00e4r k\u00e4nd f\u00f6r Dorian Grays portr\u00e4tt, romanen om en ung man som s\u00e4ljer sin sj\u00e4l f\u00f6r att f\u00e5 evig ungdom. N\u00e4r den f\u00f6rst publicerades 1890 ans\u00e5gs den vara djupt omoralisk och fick ta emot h\u00e5rd kritik. Det var f\u00f6rst flera \u00e5r senare [...]","og_url":"https:\/\/novellix.com\/de\/produkt\/bokstod-oscar-wilde\/","og_site_name":"NOVELLIX","article_modified_time":"2024-06-10T06:59:14+00:00","og_image":[{"width":731,"height":1030,"url":"https:\/\/novellix.com\/de\/wp-content\/uploads\/sites\/2\/2023\/12\/wilde-731x1030-1.webp","type":"image\/webp"}],"twitter_card":"summary_large_image","twitter_misc":{"Gesch\u00e4tzte Lesezeit":"1\u00a0Minute"},"schema":{"@context":"https:\/\/schema.org","@graph":[{"@type":"WebPage","@id":"https:\/\/novellix.com\/de\/produkt\/bokstod-oscar-wilde\/","url":"https:\/\/novellix.com\/de\/produkt\/bokstod-oscar-wilde\/","name":"Oscar Wilde - NOVELLIX","isPartOf":{"@id":"https:\/\/novellix.com\/de\/#website"},"primaryImageOfPage":{"@id":"https:\/\/novellix.com\/de\/produkt\/bokstod-oscar-wilde\/#primaryimage"},"image":{"@id":"https:\/\/novellix.com\/de\/produkt\/bokstod-oscar-wilde\/#primaryimage"},"thumbnailUrl":"https:\/\/novellix.com\/de\/wp-content\/uploads\/sites\/2\/2023\/12\/wilde-731x1030-1.webp","datePublished":"2023-12-10T22:41:33+00:00","dateModified":"2024-06-10T06:59:14+00:00","breadcrumb":{"@id":"https:\/\/novellix.com\/de\/produkt\/bokstod-oscar-wilde\/#breadcrumb"},"inLanguage":"de","potentialAction":[{"@type":"ReadAction","target":["https:\/\/novellix.com\/de\/produkt\/bokstod-oscar-wilde\/"]}]},{"@type":"ImageObject","inLanguage":"de","@id":"https:\/\/novellix.com\/de\/produkt\/bokstod-oscar-wilde\/#primaryimage","url":"https:\/\/novellix.com\/de\/wp-content\/uploads\/sites\/2\/2023\/12\/wilde-731x1030-1.webp","contentUrl":"https:\/\/novellix.com\/de\/wp-content\/uploads\/sites\/2\/2023\/12\/wilde-731x1030-1.webp","width":731,"height":1030,"caption":"oscar wilde"},{"@type":"BreadcrumbList","@id":"https:\/\/novellix.com\/de\/produkt\/bokstod-oscar-wilde\/#breadcrumb","itemListElement":[{"@type":"ListItem","position":1,"name":"Shop","item":"https:\/\/novellix.com\/de\/shop\/"},{"@type":"ListItem","position":2,"name":"Oscar Wilde"}]},{"@type":"WebSite","@id":"https:\/\/novellix.com\/de\/#website","url":"https:\/\/novellix.com\/de\/","name":"NOVELLIX","description":"","potentialAction":[{"@type":"SearchAction","target":{"@type":"EntryPoint","urlTemplate":"https:\/\/novellix.com\/de\/?s={search_term_string}"},"query-input":{"@type":"PropertyValueSpecification","valueRequired":true,"valueName":"search_term_string"}}],"inLanguage":"de"}]}},"_links":{"self":[{"href":"https:\/\/novellix.com\/de\/wp-json\/wp\/v2\/product\/87736","targetHints":{"allow":["GET"]}}],"collection":[{"href":"https:\/\/novellix.com\/de\/wp-json\/wp\/v2\/product"}],"about":[{"href":"https:\/\/novellix.com\/de\/wp-json\/wp\/v2\/types\/product"}],"wp:featuredmedia":[{"embeddable":true,"href":"https:\/\/novellix.com\/de\/wp-json\/wp\/v2\/media\/1302861"}],"wp:attachment":[{"href":"https:\/\/novellix.com\/de\/wp-json\/wp\/v2\/media?parent=87736"}],"wp:term":[{"taxonomy":"product_brand","embeddable":true,"href":"https:\/\/novellix.com\/de\/wp-json\/wp\/v2\/product_brand?post=87736"},{"taxonomy":"product_cat","embeddable":true,"href":"https:\/\/novellix.com\/de\/wp-json\/wp\/v2\/product_cat?post=87736"},{"taxonomy":"product_tag","embeddable":true,"href":"https:\/\/novellix.com\/de\/wp-json\/wp\/v2\/product_tag?post=87736"}],"curies":[{"name":"wp","href":"https:\/\/api.w.org\/{rel}","templated":true}]}}